{"id":1626,"date":"2026-01-19T10:24:13","date_gmt":"2026-01-19T10:24:13","guid":{"rendered":"https:\/\/www.blutezeit.com\/?post_type=product&#038;p=1626"},"modified":"2026-03-09T09:01:46","modified_gmt":"2026-03-09T09:01:46","slug":"mky20-clutch-keys-dc-motor-me-go-600","status":"publish","type":"product","link":"https:\/\/www.blutezeit.com\/de\/produkt\/mky20-clutch-keys-dc-motor-me-go-600\/","title":{"rendered":"Kupplungsschl\u00fcssel f\u00fcr ME-GO-600 (DC)"},"content":{"rendered":"<p>Der Bl\u00fctezeit DC-Tor\u00f6ffner-Kupplungs-Sechskantschl\u00fcssel erm\u00f6glicht einen schnellen und zuverl\u00e4ssigen manuellen Zugriff, wenn der automatische Betrieb nicht verf\u00fcgbar ist. Mit diesem robusten Sechskantschl\u00fcssel l\u00e4sst sich die Motorkupplung einfach l\u00f6sen, sodass Sie Ihr Tor bei Stromausf\u00e4llen, Wartungsarbeiten oder Systemreparaturen problemlos manuell \u00f6ffnen und schlie\u00dfen k\u00f6nnen.<\/p>\n<ul class=\"a-unordered-list a-vertical a-spacing-mini\">\n<li class=\"a-spacing-mini\"><span class=\"a-list-item\">\ud83d\udd11 2er-Pack Kupplungsentriegelungsschl\u00fcssel \u2013 Enth\u00e4lt zwei Kupplungsentriegelungsschl\u00fcssel f\u00fcr den einfachen Zugriff und die manuelle Bedienung der Schiebetorantriebe der Serie Bl\u00fctezeit ME-GO-600. Ideal als Ersatzschl\u00fcssel.<\/span><\/li>\n<li class=\"a-spacing-mini\"><span class=\"a-list-item\">\ud83d\udee0\ufe0f Sechskantschl\u00fcssel und Inbusschl\u00fcssel inklusive \u2013 Bietet die notwendigen Sechskant- und Inbusschl\u00fcssel f\u00fcr ein reibungsloses Auskuppeln des Kupplungsmechanismus und erm\u00f6glicht so eine schnelle und m\u00fchelose Wartung und Notentriegelung.<\/span><\/li>\n<li class=\"a-spacing-mini\"><span class=\"a-list-item\">\u26a1 Nur kompatibel mit Gleichstrommotoren \u2013 Speziell entwickelt f\u00fcr die Gleichstrommotor-Schiebetorantriebe der Serie ME-GO-600 von Bl\u00fctezeit, um eine pr\u00e4zise Passform und einen zuverl\u00e4ssigen Betrieb ohne Modifikationen zu gew\u00e4hrleisten.<\/span><\/li>\n<li class=\"a-spacing-mini\"><span class=\"a-list-item\">\ud83c\udfe1 Robuste Metallkonstruktion \u2013 Hergestellt aus hochfestem Metall, um Verbiegen, Verschlei\u00df und Korrosion zu widerstehen und so eine lange Lebensdauer bei h\u00e4ufigem Gebrauch im Wohnbereich oder in leichten Gewerbebetrieben zu gew\u00e4hrleisten.<\/span><\/li>\n<li class=\"a-spacing-mini\"><span class=\"a-list-item\">\ud83e\uddf0 Einfache Anwendung im Notfall und bei Wartungsarbeiten \u2013 Ideal bei Stromausf\u00e4llen, Systemwartung oder manueller Bedienung. Kompakt, tragbar und praktisch f\u00fcr Hausbesitzer und Hausverwalter.<\/span><\/li>\n<\/ul>","protected":false},"excerpt":{"rendered":"<p>2er-Pack Sechskant-\/Inbus-Kupplungsschl\u00fcssel f\u00fcr Bl\u00fctezeit ME-GO-600 DC Schiebetor\u00f6ffner<\/p>","protected":false},"featured_media":1620,"comment_status":"open","ping_status":"closed","template":"","meta":[],"product_brand":[33],"product_cat":[22,32],"product_tag":[],"class_list":{"0":"post-1626","1":"product","2":"type-product","3":"status-publish","4":"has-post-thumbnail","6":"product_brand-blutezeit","7":"product_cat-accessories","8":"product_cat-spare-parts","10":"first","11":"instock","12":"shipping-taxable","13":"purchasable","14":"product-type-simple"},"yoast_head":"<!-- This site is optimized with the Yoast SEO plugin v26.4 - https:\/\/yoast.com\/wordpress\/plugins\/seo\/ -->\n<title>Clutch Keys for ME-GO-600 (DC) - Bl\u00fctezeit<\/title>\n<meta name=\"robots\" content=\"index, follow, max-snippet:-1, max-image-preview:large, max-video-preview:-1\" \/>\n<link rel=\"canonical\" href=\"https:\/\/www.blutezeit.com\/de\/produkt\/mky20-clutch-keys-dc-motor-me-go-600\/\" \/>\n<meta property=\"og:locale\" content=\"de_DE\" \/>\n<meta property=\"og:type\" content=\"article\" \/>\n<meta property=\"og:title\" content=\"Clutch Keys for ME-GO-600 (DC) - Bl\u00fctezeit\" \/>\n<meta property=\"og:description\" content=\"2-pack hex\/Allen clutch keys for Bl\u00fctezeit ME-GO-600 DC sliding gate openers\" \/>\n<meta property=\"og:url\" content=\"https:\/\/www.blutezeit.com\/de\/produkt\/mky20-clutch-keys-dc-motor-me-go-600\/\" \/>\n<meta property=\"og:site_name\" content=\"Bl\u00fctezeit\" \/>\n<meta property=\"article:modified_time\" content=\"2026-03-09T09:01:46+00:00\" \/>\n<meta property=\"og:image\" content=\"http:\/\/www.blutezeit.com\/wp-content\/uploads\/2026\/01\/DC-Sliding-Gate-Opener-Manual-Clutch-Keys-1-scaled.jpg\" \/>\n\t<meta property=\"og:image:width\" content=\"2560\" \/>\n\t<meta property=\"og:image:height\" content=\"2560\" \/>\n\t<meta property=\"og:image:type\" content=\"image\/jpeg\" \/>\n<meta name=\"twitter:card\" content=\"summary_large_image\" \/>\n<meta name=\"twitter:label1\" content=\"Gesch\u00e4tzte Lesezeit\" \/>\n\t<meta name=\"twitter:data1\" content=\"2\u00a0Minuten\" \/>\n<script type=\"application\/ld+json\" class=\"yoast-schema-graph\">{\"@context\":\"https:\/\/schema.org\",\"@graph\":[{\"@type\":\"WebPage\",\"@id\":\"https:\/\/www.blutezeit.com\/product\/mky20-clutch-keys-dc-motor-me-go-600\/\",\"url\":\"https:\/\/www.blutezeit.com\/product\/mky20-clutch-keys-dc-motor-me-go-600\/\",\"name\":\"Clutch Keys for ME-GO-600 (DC) - Bl\u00fctezeit\",\"isPartOf\":{\"@id\":\"https:\/\/www.blutezeit.com\/pt\/#website\"},\"primaryImageOfPage\":{\"@id\":\"https:\/\/www.blutezeit.com\/product\/mky20-clutch-keys-dc-motor-me-go-600\/#primaryimage\"},\"image\":{\"@id\":\"https:\/\/www.blutezeit.com\/product\/mky20-clutch-keys-dc-motor-me-go-600\/#primaryimage\"},\"thumbnailUrl\":\"https:\/\/www.blutezeit.com\/wp-content\/uploads\/2026\/01\/DC-Sliding-Gate-Opener-Manual-Clutch-Keys-1-scaled.jpg\",\"datePublished\":\"2026-01-19T10:24:13+00:00\",\"dateModified\":\"2026-03-09T09:01:46+00:00\",\"breadcrumb\":{\"@id\":\"https:\/\/www.blutezeit.com\/product\/mky20-clutch-keys-dc-motor-me-go-600\/#breadcrumb\"},\"inLanguage\":\"de\",\"potentialAction\":[{\"@type\":\"ReadAction\",\"target\":[\"https:\/\/www.blutezeit.com\/product\/mky20-clutch-keys-dc-motor-me-go-600\/\"]}]},{\"@type\":\"ImageObject\",\"inLanguage\":\"de\",\"@id\":\"https:\/\/www.blutezeit.com\/product\/mky20-clutch-keys-dc-motor-me-go-600\/#primaryimage\",\"url\":\"https:\/\/www.blutezeit.com\/wp-content\/uploads\/2026\/01\/DC-Sliding-Gate-Opener-Manual-Clutch-Keys-1-scaled.jpg\",\"contentUrl\":\"https:\/\/www.blutezeit.com\/wp-content\/uploads\/2026\/01\/DC-Sliding-Gate-Opener-Manual-Clutch-Keys-1-scaled.jpg\",\"width\":2560,\"height\":2560},{\"@type\":\"BreadcrumbList\",\"@id\":\"https:\/\/www.blutezeit.com\/product\/mky20-clutch-keys-dc-motor-me-go-600\/#breadcrumb\",\"itemListElement\":[{\"@type\":\"ListItem\",\"position\":1,\"name\":\"\u9996\u9875\",\"item\":\"https:\/\/www.blutezeit.com\/pt\/\"},{\"@type\":\"ListItem\",\"position\":2,\"name\":\"Product\",\"item\":\"https:\/\/www.blutezeit.com\/pt\/shop\/\"},{\"@type\":\"ListItem\",\"position\":3,\"name\":\"Clutch Keys for ME-GO-600 (DC)\"}]},{\"@type\":\"WebSite\",\"@id\":\"https:\/\/www.blutezeit.com\/pt\/#website\",\"url\":\"https:\/\/www.blutezeit.com\/pt\/\",\"name\":\"Bl\u00fctezeit\",\"description\":\"Smart &amp; Solar Gate Opener Systems\",\"potentialAction\":[{\"@type\":\"SearchAction\",\"target\":{\"@type\":\"EntryPoint\",\"urlTemplate\":\"https:\/\/www.blutezeit.com\/pt\/?s={search_term_string}\"},\"query-input\":{\"@type\":\"PropertyValueSpecification\",\"valueRequired\":true,\"valueName\":\"search_term_string\"}}],\"inLanguage\":\"de\"}]}<\/script>\n<!-- \/ Yoast SEO plugin. -->","yoast_head_json":{"title":"Clutch Keys for ME-GO-600 (DC) - Bl\u00fctezeit","robots":{"index":"index","follow":"follow","max-snippet":"max-snippet:-1","max-image-preview":"max-image-preview:large","max-video-preview":"max-video-preview:-1"},"canonical":"https:\/\/www.blutezeit.com\/de\/produkt\/mky20-clutch-keys-dc-motor-me-go-600\/","og_locale":"de_DE","og_type":"article","og_title":"Clutch Keys for ME-GO-600 (DC) - Bl\u00fctezeit","og_description":"2-pack hex\/Allen clutch keys for Bl\u00fctezeit ME-GO-600 DC sliding gate openers","og_url":"https:\/\/www.blutezeit.com\/de\/produkt\/mky20-clutch-keys-dc-motor-me-go-600\/","og_site_name":"Bl\u00fctezeit","article_modified_time":"2026-03-09T09:01:46+00:00","og_image":[{"width":2560,"height":2560,"url":"http:\/\/www.blutezeit.com\/wp-content\/uploads\/2026\/01\/DC-Sliding-Gate-Opener-Manual-Clutch-Keys-1-scaled.jpg","type":"image\/jpeg"}],"twitter_card":"summary_large_image","twitter_misc":{"Gesch\u00e4tzte Lesezeit":"2\u00a0Minuten"},"schema":{"@context":"https:\/\/schema.org","@graph":[{"@type":"WebPage","@id":"https:\/\/www.blutezeit.com\/product\/mky20-clutch-keys-dc-motor-me-go-600\/","url":"https:\/\/www.blutezeit.com\/product\/mky20-clutch-keys-dc-motor-me-go-600\/","name":"Clutch Keys for ME-GO-600 (DC) - Bl\u00fctezeit","isPartOf":{"@id":"https:\/\/www.blutezeit.com\/pt\/#website"},"primaryImageOfPage":{"@id":"https:\/\/www.blutezeit.com\/product\/mky20-clutch-keys-dc-motor-me-go-600\/#primaryimage"},"image":{"@id":"https:\/\/www.blutezeit.com\/product\/mky20-clutch-keys-dc-motor-me-go-600\/#primaryimage"},"thumbnailUrl":"https:\/\/www.blutezeit.com\/wp-content\/uploads\/2026\/01\/DC-Sliding-Gate-Opener-Manual-Clutch-Keys-1-scaled.jpg","datePublished":"2026-01-19T10:24:13+00:00","dateModified":"2026-03-09T09:01:46+00:00","breadcrumb":{"@id":"https:\/\/www.blutezeit.com\/product\/mky20-clutch-keys-dc-motor-me-go-600\/#breadcrumb"},"inLanguage":"de","potentialAction":[{"@type":"ReadAction","target":["https:\/\/www.blutezeit.com\/product\/mky20-clutch-keys-dc-motor-me-go-600\/"]}]},{"@type":"ImageObject","inLanguage":"de","@id":"https:\/\/www.blutezeit.com\/product\/mky20-clutch-keys-dc-motor-me-go-600\/#primaryimage","url":"https:\/\/www.blutezeit.com\/wp-content\/uploads\/2026\/01\/DC-Sliding-Gate-Opener-Manual-Clutch-Keys-1-scaled.jpg","contentUrl":"https:\/\/www.blutezeit.com\/wp-content\/uploads\/2026\/01\/DC-Sliding-Gate-Opener-Manual-Clutch-Keys-1-scaled.jpg","width":2560,"height":2560},{"@type":"BreadcrumbList","@id":"https:\/\/www.blutezeit.com\/product\/mky20-clutch-keys-dc-motor-me-go-600\/#breadcrumb","itemListElement":[{"@type":"ListItem","position":1,"name":"\u9996\u9875","item":"https:\/\/www.blutezeit.com\/pt\/"},{"@type":"ListItem","position":2,"name":"Product","item":"https:\/\/www.blutezeit.com\/pt\/shop\/"},{"@type":"ListItem","position":3,"name":"Clutch Keys for ME-GO-600 (DC)"}]},{"@type":"WebSite","@id":"https:\/\/www.blutezeit.com\/pt\/#website","url":"https:\/\/www.blutezeit.com\/pt\/","name":"Bl\u00fctezeit","description":"Intelligente und solare Tor\u00f6ffnersysteme","potentialAction":[{"@type":"SearchAction","target":{"@type":"EntryPoint","urlTemplate":"https:\/\/www.blutezeit.com\/pt\/?s={search_term_string}"},"query-input":{"@type":"PropertyValueSpecification","valueRequired":true,"valueName":"search_term_string"}}],"inLanguage":"de"}]}},"_links":{"self":[{"href":"https:\/\/www.blutezeit.com\/de\/wp-json\/wp\/v2\/product\/1626","targetHints":{"allow":["GET"]}}],"collection":[{"href":"https:\/\/www.blutezeit.com\/de\/wp-json\/wp\/v2\/product"}],"about":[{"href":"https:\/\/www.blutezeit.com\/de\/wp-json\/wp\/v2\/types\/product"}],"replies":[{"embeddable":true,"href":"https:\/\/www.blutezeit.com\/de\/wp-json\/wp\/v2\/comments?post=1626"}],"wp:featuredmedia":[{"embeddable":true,"href":"https:\/\/www.blutezeit.com\/de\/wp-json\/wp\/v2\/media\/1620"}],"wp:attachment":[{"href":"https:\/\/www.blutezeit.com\/de\/wp-json\/wp\/v2\/media?parent=1626"}],"wp:term":[{"taxonomy":"product_brand","embeddable":true,"href":"https:\/\/www.blutezeit.com\/de\/wp-json\/wp\/v2\/product_brand?post=1626"},{"taxonomy":"product_cat","embeddable":true,"href":"https:\/\/www.blutezeit.com\/de\/wp-json\/wp\/v2\/product_cat?post=1626"},{"taxonomy":"product_tag","embeddable":true,"href":"https:\/\/www.blutezeit.com\/de\/wp-json\/wp\/v2\/product_tag?post=1626"}],"curies":[{"name":"wp","href":"https:\/\/api.w.org\/{rel}","templated":true}]}}