{"id":1617,"date":"2026-01-19T10:15:33","date_gmt":"2026-01-19T10:15:33","guid":{"rendered":"https:\/\/www.blutezeit.com\/?post_type=product&#038;p=1617"},"modified":"2026-03-09T09:01:53","modified_gmt":"2026-03-09T09:01:53","slug":"mky10-clutch-keys-ac-motors-me-go-me-bg","status":"publish","type":"product","link":"https:\/\/www.blutezeit.com\/de\/produkt\/mky10-clutch-keys-ac-motors-me-go-me-bg\/","title":{"rendered":"Kupplungsschl\u00fcssel f\u00fcr ME-GO\/ME-BG (AC)"},"content":{"rendered":"<p>Der Bl\u00fctezeit-Ersatz-Kupplungsschl\u00fcssel f\u00fcr Torantriebe ist f\u00fcr die manuelle Bedienung bei Stromausfall konzipiert. Mit diesem schwarzen Schl\u00fcssel l\u00e4sst sich der Motor sicher entkoppeln, sodass Sie bei Stromausf\u00e4llen, Wartungsarbeiten oder Systemanpassungen zuverl\u00e4ssig Zugang haben. Der Kupplungsschl\u00fcssel ist mit Bl\u00fctezeit-Schiebetorantrieben (AC und DC) kompatibel und gew\u00e4hrleistet sicheren Zugang sowie eine reibungslose manuelle Entriegelung ohne Besch\u00e4digung der internen Komponenten. Dank seiner robusten Materialien ist er f\u00fcr den wiederholten Gebrauch geeignet und ein unverzichtbares Ersatzteil f\u00fcr Hausbesitzer und Installateure. Die 2er-Packung bietet zus\u00e4tzlichen Komfort \u2013 ideal, um einen Ersatzschl\u00fcssel bereitzuhalten oder mehrere Torsysteme zu unterst\u00fctzen.<\/p>\n<ul class=\"a-unordered-list a-vertical a-spacing-mini\">\n<li class=\"a-spacing-mini\"><span class=\"a-list-item\">\ud83d\udd11 2er-Pack Kupplungsentriegelungsschl\u00fcssel \u2013 Enth\u00e4lt zwei Kupplungsentriegelungsschl\u00fcssel zur einfachen manuellen Bedienung der Wechselstrom-Schiebetorantriebe der Serien Bl\u00fctezeit ME-GO und ME-BG. Ein Schl\u00fcssel kann als Ersatz aufbewahrt werden.<\/span><\/li>\n<li class=\"a-spacing-mini\"><span class=\"a-list-item\">\ud83d\udd13 Unverzichtbare manuelle Entriegelung &amp; Notzugang \u2013 Erm\u00f6glicht das schnelle manuelle Entriegeln des Tores bei Stromausf\u00e4llen, Systemwartungen oder Notf\u00e4llen. Ein unverzichtbares Zubeh\u00f6r, um jederzeit einen unterbrechungsfreien Torzugang zu gew\u00e4hrleisten.<\/span><\/li>\n<li class=\"a-spacing-mini\"><span class=\"a-list-item\">\u26a1 Nur kompatibel mit Wechselstrommotoren \u2013 Speziell entwickelt f\u00fcr die Wechselstrom-Schiebetorantriebe der Serien ME-GO und ME-BG von Bl\u00fctezeit, um eine perfekte Passform und einen zuverl\u00e4ssigen Betrieb zu gew\u00e4hrleisten.<\/span><\/li>\n<li class=\"a-spacing-mini\"><span class=\"a-list-item\">\ud83c\udfe1 Robuste Metallkonstruktion \u2013 Hergestellt aus hochfestem Metall f\u00fcr lange Haltbarkeit, widerstandsf\u00e4hig gegen Verbiegen, Korrosion und h\u00e4ufigen Gebrauch im privaten oder gewerblichen Bereich.<\/span><\/li>\n<li class=\"a-spacing-mini\"><span class=\"a-list-item\">\ud83e\uddf0 Notfall- und Wartungseinsatz \u2013 Ideal bei Stromausf\u00e4llen, Systemwartung oder manueller Bedienung bei Bedarf. Kompakt und tragbar, perfekt f\u00fcr Hausbesitzer oder Hausverwalter.<\/span><\/li>\n<\/ul>","protected":false},"excerpt":{"rendered":"<p>2er-Pack Kupplungsentriegelungsschl\u00fcssel f\u00fcr Bl\u00fctezeit ME-GO &amp; ME-BG AC-Motor-Schiebetor\u00f6ffner<\/p>","protected":false},"featured_media":1618,"comment_status":"open","ping_status":"closed","template":"","meta":[],"product_brand":[33],"product_cat":[22,32],"product_tag":[],"class_list":{"0":"post-1617","1":"product","2":"type-product","3":"status-publish","4":"has-post-thumbnail","6":"product_brand-blutezeit","7":"product_cat-accessories","8":"product_cat-spare-parts","10":"first","11":"instock","12":"shipping-taxable","13":"purchasable","14":"product-type-simple"},"yoast_head":"<!-- This site is optimized with the Yoast SEO plugin v26.4 - https:\/\/yoast.com\/wordpress\/plugins\/seo\/ -->\n<title>Clutch Keys for ME-GO\/ME-BG (AC) - Bl\u00fctezeit<\/title>\n<meta name=\"robots\" content=\"index, follow, max-snippet:-1, max-image-preview:large, max-video-preview:-1\" \/>\n<link rel=\"canonical\" href=\"https:\/\/www.blutezeit.com\/de\/produkt\/mky10-clutch-keys-ac-motors-me-go-me-bg\/\" \/>\n<meta property=\"og:locale\" content=\"de_DE\" \/>\n<meta property=\"og:type\" content=\"article\" \/>\n<meta property=\"og:title\" content=\"Clutch Keys for ME-GO\/ME-BG (AC) - Bl\u00fctezeit\" \/>\n<meta property=\"og:description\" content=\"2-pack clutch release keys for Bl\u00fctezeit ME-GO &amp; ME-BG AC motor sliding gate openers\" \/>\n<meta property=\"og:url\" content=\"https:\/\/www.blutezeit.com\/de\/produkt\/mky10-clutch-keys-ac-motors-me-go-me-bg\/\" \/>\n<meta property=\"og:site_name\" content=\"Bl\u00fctezeit\" \/>\n<meta property=\"article:modified_time\" content=\"2026-03-09T09:01:53+00:00\" \/>\n<meta property=\"og:image\" content=\"http:\/\/www.blutezeit.com\/wp-content\/uploads\/2026\/01\/AC-Sliding-Gate-Opener-Manual-Clutch-Keys-1-scaled.jpg\" \/>\n\t<meta property=\"og:image:width\" content=\"2560\" \/>\n\t<meta property=\"og:image:height\" content=\"2560\" \/>\n\t<meta property=\"og:image:type\" content=\"image\/jpeg\" \/>\n<meta name=\"twitter:card\" content=\"summary_large_image\" \/>\n<meta name=\"twitter:label1\" content=\"Gesch\u00e4tzte Lesezeit\" \/>\n\t<meta name=\"twitter:data1\" content=\"2\u00a0Minuten\" \/>\n<script type=\"application\/ld+json\" class=\"yoast-schema-graph\">{\"@context\":\"https:\/\/schema.org\",\"@graph\":[{\"@type\":\"WebPage\",\"@id\":\"https:\/\/www.blutezeit.com\/product\/mky10-clutch-keys-ac-motors-me-go-me-bg\/\",\"url\":\"https:\/\/www.blutezeit.com\/product\/mky10-clutch-keys-ac-motors-me-go-me-bg\/\",\"name\":\"Clutch Keys for ME-GO\/ME-BG (AC) - Bl\u00fctezeit\",\"isPartOf\":{\"@id\":\"https:\/\/www.blutezeit.com\/pt\/#website\"},\"primaryImageOfPage\":{\"@id\":\"https:\/\/www.blutezeit.com\/product\/mky10-clutch-keys-ac-motors-me-go-me-bg\/#primaryimage\"},\"image\":{\"@id\":\"https:\/\/www.blutezeit.com\/product\/mky10-clutch-keys-ac-motors-me-go-me-bg\/#primaryimage\"},\"thumbnailUrl\":\"https:\/\/www.blutezeit.com\/wp-content\/uploads\/2026\/01\/AC-Sliding-Gate-Opener-Manual-Clutch-Keys-1-scaled.jpg\",\"datePublished\":\"2026-01-19T10:15:33+00:00\",\"dateModified\":\"2026-03-09T09:01:53+00:00\",\"breadcrumb\":{\"@id\":\"https:\/\/www.blutezeit.com\/product\/mky10-clutch-keys-ac-motors-me-go-me-bg\/#breadcrumb\"},\"inLanguage\":\"de\",\"potentialAction\":[{\"@type\":\"ReadAction\",\"target\":[\"https:\/\/www.blutezeit.com\/product\/mky10-clutch-keys-ac-motors-me-go-me-bg\/\"]}]},{\"@type\":\"ImageObject\",\"inLanguage\":\"de\",\"@id\":\"https:\/\/www.blutezeit.com\/product\/mky10-clutch-keys-ac-motors-me-go-me-bg\/#primaryimage\",\"url\":\"https:\/\/www.blutezeit.com\/wp-content\/uploads\/2026\/01\/AC-Sliding-Gate-Opener-Manual-Clutch-Keys-1-scaled.jpg\",\"contentUrl\":\"https:\/\/www.blutezeit.com\/wp-content\/uploads\/2026\/01\/AC-Sliding-Gate-Opener-Manual-Clutch-Keys-1-scaled.jpg\",\"width\":2560,\"height\":2560},{\"@type\":\"BreadcrumbList\",\"@id\":\"https:\/\/www.blutezeit.com\/product\/mky10-clutch-keys-ac-motors-me-go-me-bg\/#breadcrumb\",\"itemListElement\":[{\"@type\":\"ListItem\",\"position\":1,\"name\":\"\u9996\u9875\",\"item\":\"https:\/\/www.blutezeit.com\/pt\/\"},{\"@type\":\"ListItem\",\"position\":2,\"name\":\"Product\",\"item\":\"https:\/\/www.blutezeit.com\/pt\/shop\/\"},{\"@type\":\"ListItem\",\"position\":3,\"name\":\"Clutch Keys for ME-GO\/ME-BG (AC)\"}]},{\"@type\":\"WebSite\",\"@id\":\"https:\/\/www.blutezeit.com\/pt\/#website\",\"url\":\"https:\/\/www.blutezeit.com\/pt\/\",\"name\":\"Bl\u00fctezeit\",\"description\":\"Smart &amp; Solar Gate Opener Systems\",\"potentialAction\":[{\"@type\":\"SearchAction\",\"target\":{\"@type\":\"EntryPoint\",\"urlTemplate\":\"https:\/\/www.blutezeit.com\/pt\/?s={search_term_string}\"},\"query-input\":{\"@type\":\"PropertyValueSpecification\",\"valueRequired\":true,\"valueName\":\"search_term_string\"}}],\"inLanguage\":\"de\"}]}<\/script>\n<!-- \/ Yoast SEO plugin. -->","yoast_head_json":{"title":"Clutch Keys for ME-GO\/ME-BG (AC) - Bl\u00fctezeit","robots":{"index":"index","follow":"follow","max-snippet":"max-snippet:-1","max-image-preview":"max-image-preview:large","max-video-preview":"max-video-preview:-1"},"canonical":"https:\/\/www.blutezeit.com\/de\/produkt\/mky10-clutch-keys-ac-motors-me-go-me-bg\/","og_locale":"de_DE","og_type":"article","og_title":"Clutch Keys for ME-GO\/ME-BG (AC) - Bl\u00fctezeit","og_description":"2-pack clutch release keys for Bl\u00fctezeit ME-GO &amp; ME-BG AC motor sliding gate openers","og_url":"https:\/\/www.blutezeit.com\/de\/produkt\/mky10-clutch-keys-ac-motors-me-go-me-bg\/","og_site_name":"Bl\u00fctezeit","article_modified_time":"2026-03-09T09:01:53+00:00","og_image":[{"width":2560,"height":2560,"url":"http:\/\/www.blutezeit.com\/wp-content\/uploads\/2026\/01\/AC-Sliding-Gate-Opener-Manual-Clutch-Keys-1-scaled.jpg","type":"image\/jpeg"}],"twitter_card":"summary_large_image","twitter_misc":{"Gesch\u00e4tzte Lesezeit":"2\u00a0Minuten"},"schema":{"@context":"https:\/\/schema.org","@graph":[{"@type":"WebPage","@id":"https:\/\/www.blutezeit.com\/product\/mky10-clutch-keys-ac-motors-me-go-me-bg\/","url":"https:\/\/www.blutezeit.com\/product\/mky10-clutch-keys-ac-motors-me-go-me-bg\/","name":"Clutch Keys for ME-GO\/ME-BG (AC) - Bl\u00fctezeit","isPartOf":{"@id":"https:\/\/www.blutezeit.com\/pt\/#website"},"primaryImageOfPage":{"@id":"https:\/\/www.blutezeit.com\/product\/mky10-clutch-keys-ac-motors-me-go-me-bg\/#primaryimage"},"image":{"@id":"https:\/\/www.blutezeit.com\/product\/mky10-clutch-keys-ac-motors-me-go-me-bg\/#primaryimage"},"thumbnailUrl":"https:\/\/www.blutezeit.com\/wp-content\/uploads\/2026\/01\/AC-Sliding-Gate-Opener-Manual-Clutch-Keys-1-scaled.jpg","datePublished":"2026-01-19T10:15:33+00:00","dateModified":"2026-03-09T09:01:53+00:00","breadcrumb":{"@id":"https:\/\/www.blutezeit.com\/product\/mky10-clutch-keys-ac-motors-me-go-me-bg\/#breadcrumb"},"inLanguage":"de","potentialAction":[{"@type":"ReadAction","target":["https:\/\/www.blutezeit.com\/product\/mky10-clutch-keys-ac-motors-me-go-me-bg\/"]}]},{"@type":"ImageObject","inLanguage":"de","@id":"https:\/\/www.blutezeit.com\/product\/mky10-clutch-keys-ac-motors-me-go-me-bg\/#primaryimage","url":"https:\/\/www.blutezeit.com\/wp-content\/uploads\/2026\/01\/AC-Sliding-Gate-Opener-Manual-Clutch-Keys-1-scaled.jpg","contentUrl":"https:\/\/www.blutezeit.com\/wp-content\/uploads\/2026\/01\/AC-Sliding-Gate-Opener-Manual-Clutch-Keys-1-scaled.jpg","width":2560,"height":2560},{"@type":"BreadcrumbList","@id":"https:\/\/www.blutezeit.com\/product\/mky10-clutch-keys-ac-motors-me-go-me-bg\/#breadcrumb","itemListElement":[{"@type":"ListItem","position":1,"name":"\u9996\u9875","item":"https:\/\/www.blutezeit.com\/pt\/"},{"@type":"ListItem","position":2,"name":"Product","item":"https:\/\/www.blutezeit.com\/pt\/shop\/"},{"@type":"ListItem","position":3,"name":"Clutch Keys for ME-GO\/ME-BG (AC)"}]},{"@type":"WebSite","@id":"https:\/\/www.blutezeit.com\/pt\/#website","url":"https:\/\/www.blutezeit.com\/pt\/","name":"Bl\u00fctezeit","description":"Intelligente und solare Tor\u00f6ffnersysteme","potentialAction":[{"@type":"SearchAction","target":{"@type":"EntryPoint","urlTemplate":"https:\/\/www.blutezeit.com\/pt\/?s={search_term_string}"},"query-input":{"@type":"PropertyValueSpecification","valueRequired":true,"valueName":"search_term_string"}}],"inLanguage":"de"}]}},"_links":{"self":[{"href":"https:\/\/www.blutezeit.com\/de\/wp-json\/wp\/v2\/product\/1617","targetHints":{"allow":["GET"]}}],"collection":[{"href":"https:\/\/www.blutezeit.com\/de\/wp-json\/wp\/v2\/product"}],"about":[{"href":"https:\/\/www.blutezeit.com\/de\/wp-json\/wp\/v2\/types\/product"}],"replies":[{"embeddable":true,"href":"https:\/\/www.blutezeit.com\/de\/wp-json\/wp\/v2\/comments?post=1617"}],"wp:featuredmedia":[{"embeddable":true,"href":"https:\/\/www.blutezeit.com\/de\/wp-json\/wp\/v2\/media\/1618"}],"wp:attachment":[{"href":"https:\/\/www.blutezeit.com\/de\/wp-json\/wp\/v2\/media?parent=1617"}],"wp:term":[{"taxonomy":"product_brand","embeddable":true,"href":"https:\/\/www.blutezeit.com\/de\/wp-json\/wp\/v2\/product_brand?post=1617"},{"taxonomy":"product_cat","embeddable":true,"href":"https:\/\/www.blutezeit.com\/de\/wp-json\/wp\/v2\/product_cat?post=1617"},{"taxonomy":"product_tag","embeddable":true,"href":"https:\/\/www.blutezeit.com\/de\/wp-json\/wp\/v2\/product_tag?post=1617"}],"curies":[{"name":"wp","href":"https:\/\/api.w.org\/{rel}","templated":true}]}}