{"id":1591,"date":"2026-01-12T10:16:09","date_gmt":"2026-01-12T10:16:09","guid":{"rendered":"https:\/\/www.blutezeit.com\/?post_type=product&#038;p=1591"},"modified":"2026-03-09T09:02:15","modified_gmt":"2026-03-09T09:02:15","slug":"mtr01-timer-relay-gate-opener","status":"publish","type":"product","link":"https:\/\/www.blutezeit.com\/de\/produkt\/mtr01-timer-relay-gate-opener\/","title":{"rendered":"Zeitrelais"},"content":{"rendered":"<div class=\"celwidget aplus-module premium-module-2-fullbackground-image aplus-premium\" data-csa-c-id=\"hcpw8n-vshh7n-q7kogs-3cus75\" data-cel-widget=\"aplus-premium-module-2-fullbackground-image\">\n<div class=\"a-section a-spacing-none premium-aplus premium-aplus-module-2\">\n<h3 class=\"a-text-center aplus-container-3 aplus-h1 a-text-bold\">Intelligentes Zeitrelais \u2013 Pr\u00e4zise Zeitsteuerung f\u00fcr Bl\u00fctezeit-Tor\u00f6ffner<\/h3>\n<ul class=\"a-unordered-list a-vertical a-spacing-mini\">\n<li class=\"a-spacing-mini\"><span class=\"a-list-item\">[Universelle Kompatibilit\u00e4t] \u2013 Funktioniert mit allen Bl\u00fctezeit-Torantrieben und den meisten AC- oder DC-Torantrieben von Drittanbietern. Ideal f\u00fcr die automatische Zeitsteuerung des \u00d6ffnens und Schlie\u00dfens von Toren.<\/span><\/li>\n<li class=\"a-spacing-mini\"><span class=\"a-list-item\">[Einzelner \u00d6ffner-Relaisausgang] \u2013 Einkanaliges Relais (NO) f\u00fcr stabiles und sicheres Ausl\u00f6sen. Jedes Modul steuert eine Aktion \u2013 bei Bedarf separate Timer f\u00fcr \u00d6ffnungs- und Schlie\u00dfzeiten verwenden.<\/span><\/li>\n<li class=\"a-spacing-mini\"><span class=\"a-list-item\">[Anpassbare Zeitprogrammierung] \u2013 Unterst\u00fctzt bis zu 20 Timergruppen. Legen Sie einfach Ein-\/Ausschaltzeiten im 24-Stunden-Format fest, um die Torfunktionen f\u00fcr t\u00e4gliche oder w\u00f6chentliche Abl\u00e4ufe zu automatisieren.<\/span><\/li>\n<li class=\"a-spacing-mini\"><span class=\"a-list-item\">[Benutzerfreundliche Bedienung] \u2013 Ausgestattet mit SET-, ENTER- und VORHERIGE\/N\u00c4CHSTE-Tasten f\u00fcr eine schnelle Einrichtung. Umschaltung zwischen Automatik- und manuellem Modus mit Kontrollleuchte f\u00fcr den Betriebsstatus in Echtzeit.<\/span><\/li>\n<li class=\"a-spacing-mini\"><span class=\"a-list-item\">[Robustes und effizientes Design] \u2013 Betrieb mit 5\u201330 V Gleichstrom bei geringem Stromverbrauch. Kompakt, zuverl\u00e4ssig und einfach anzuschlie\u00dfen \u00fcber Standard-COM\/NO-Relaisklemmen f\u00fcr die nahtlose Integration in Ihre Torsteuerung.<\/span><\/li>\n<\/ul>\n<div class=\"a-section a-spacing-none premium-background-wrapper\">\n<div class=\"a-section a-spacing-none background-image\"><img decoding=\"async\" class=\"\" src=\"https:\/\/m.media-amazon.com\/images\/S\/aplus-media-library-service-media\/e3e753ae-4f22-46a8-bfed-50e307bb6c88.__CR0,0,1464,600_PT0_SX1464_V1___.jpg\" alt=\"Time Relay, Timer Control Module for Sliding &amp;amp; Swing Gate Openers\" data-src=\"https:\/\/m.media-amazon.com\/images\/S\/aplus-media-library-service-media\/e3e753ae-4f22-46a8-bfed-50e307bb6c88.__CR0,0,1464,600_PT0_SX1464_V1___.jpg\" \/><\/div>\n<\/div>\n<div class=\"a-section a-text-center\"><\/div>\n<\/div>\n<\/div>\n<div class=\"celwidget aplus-module premium-module-2-fullbackground-image aplus-premium\" data-csa-c-id=\"iw27de-hxi6fk-do5l63-8mnrh9\" data-cel-widget=\"aplus-premium-module-2-fullbackground-image\">\n<div class=\"a-section a-spacing-none premium-aplus premium-aplus-module-2\">\n<div class=\"a-section a-spacing-none premium-background-wrapper\">\n<div class=\"a-section a-spacing-none background-image\"><img decoding=\"async\" class=\"\" src=\"https:\/\/m.media-amazon.com\/images\/S\/aplus-media-library-service-media\/ad054146-717a-4685-abcb-7dbf299b8622.__CR0,0,1464,600_PT0_SX1464_V1___.jpg\" alt=\"Timer Relay Dimension, with 1.5ft Cable\" data-src=\"https:\/\/m.media-amazon.com\/images\/S\/aplus-media-library-service-media\/ad054146-717a-4685-abcb-7dbf299b8622.__CR0,0,1464,600_PT0_SX1464_V1___.jpg\" \/><\/div>\n<\/div>\n<\/div>\n<\/div>","protected":false},"excerpt":{"rendered":"<p>AC\/DC 5\u201330V Multifunktions-Zeitschaltrelais mit LED-Anzeige f\u00fcr Schiebe- und Drehtorantriebe<\/p>","protected":false},"featured_media":1596,"comment_status":"open","ping_status":"closed","template":"","meta":[],"product_brand":[],"product_cat":[79,22],"product_tag":[],"class_list":{"0":"post-1591","1":"product","2":"type-product","3":"status-publish","4":"has-post-thumbnail","6":"product_cat-smart-module-automation-control","7":"product_cat-accessories","9":"first","10":"instock","11":"shipping-taxable","12":"purchasable","13":"product-type-simple"},"yoast_head":"<!-- This site is optimized with the Yoast SEO plugin v26.4 - https:\/\/yoast.com\/wordpress\/plugins\/seo\/ -->\n<title>Timer Relay - Bl\u00fctezeit<\/title>\n<meta name=\"robots\" content=\"index, follow, max-snippet:-1, max-image-preview:large, max-video-preview:-1\" \/>\n<link rel=\"canonical\" href=\"https:\/\/www.blutezeit.com\/de\/produkt\/mtr01-timer-relay-gate-opener\/\" \/>\n<meta property=\"og:locale\" content=\"de_DE\" \/>\n<meta property=\"og:type\" content=\"article\" \/>\n<meta property=\"og:title\" content=\"Timer Relay - Bl\u00fctezeit\" \/>\n<meta property=\"og:description\" content=\"AC\/DC 5\u201330V multifunctional timer relay with LED display for sliding &amp; swing gate openers\" \/>\n<meta property=\"og:url\" content=\"https:\/\/www.blutezeit.com\/de\/produkt\/mtr01-timer-relay-gate-opener\/\" \/>\n<meta property=\"og:site_name\" content=\"Bl\u00fctezeit\" \/>\n<meta property=\"article:modified_time\" content=\"2026-03-09T09:02:15+00:00\" \/>\n<meta property=\"og:image\" content=\"http:\/\/www.blutezeit.com\/wp-content\/uploads\/2026\/01\/Time-Relay-for-Gate-Openers-2-1-scaled.jpg\" \/>\n\t<meta property=\"og:image:width\" content=\"2560\" \/>\n\t<meta property=\"og:image:height\" content=\"2560\" \/>\n\t<meta property=\"og:image:type\" content=\"image\/jpeg\" \/>\n<meta name=\"twitter:card\" content=\"summary_large_image\" \/>\n<meta name=\"twitter:label1\" content=\"Gesch\u00e4tzte Lesezeit\" \/>\n\t<meta name=\"twitter:data1\" content=\"2\u00a0Minuten\" \/>\n<script type=\"application\/ld+json\" class=\"yoast-schema-graph\">{\"@context\":\"https:\/\/schema.org\",\"@graph\":[{\"@type\":\"WebPage\",\"@id\":\"https:\/\/www.blutezeit.com\/product\/mtr01-timer-relay-gate-opener\/\",\"url\":\"https:\/\/www.blutezeit.com\/product\/mtr01-timer-relay-gate-opener\/\",\"name\":\"Timer Relay - Bl\u00fctezeit\",\"isPartOf\":{\"@id\":\"https:\/\/www.blutezeit.com\/pt\/#website\"},\"primaryImageOfPage\":{\"@id\":\"https:\/\/www.blutezeit.com\/product\/mtr01-timer-relay-gate-opener\/#primaryimage\"},\"image\":{\"@id\":\"https:\/\/www.blutezeit.com\/product\/mtr01-timer-relay-gate-opener\/#primaryimage\"},\"thumbnailUrl\":\"https:\/\/www.blutezeit.com\/wp-content\/uploads\/2026\/01\/Time-Relay-for-Gate-Openers-2-1-scaled.jpg\",\"datePublished\":\"2026-01-12T10:16:09+00:00\",\"dateModified\":\"2026-03-09T09:02:15+00:00\",\"breadcrumb\":{\"@id\":\"https:\/\/www.blutezeit.com\/product\/mtr01-timer-relay-gate-opener\/#breadcrumb\"},\"inLanguage\":\"de\",\"potentialAction\":[{\"@type\":\"ReadAction\",\"target\":[\"https:\/\/www.blutezeit.com\/product\/mtr01-timer-relay-gate-opener\/\"]}]},{\"@type\":\"ImageObject\",\"inLanguage\":\"de\",\"@id\":\"https:\/\/www.blutezeit.com\/product\/mtr01-timer-relay-gate-opener\/#primaryimage\",\"url\":\"https:\/\/www.blutezeit.com\/wp-content\/uploads\/2026\/01\/Time-Relay-for-Gate-Openers-2-1-scaled.jpg\",\"contentUrl\":\"https:\/\/www.blutezeit.com\/wp-content\/uploads\/2026\/01\/Time-Relay-for-Gate-Openers-2-1-scaled.jpg\",\"width\":2560,\"height\":2560},{\"@type\":\"BreadcrumbList\",\"@id\":\"https:\/\/www.blutezeit.com\/product\/mtr01-timer-relay-gate-opener\/#breadcrumb\",\"itemListElement\":[{\"@type\":\"ListItem\",\"position\":1,\"name\":\"\u9996\u9875\",\"item\":\"https:\/\/www.blutezeit.com\/pt\/\"},{\"@type\":\"ListItem\",\"position\":2,\"name\":\"Product\",\"item\":\"https:\/\/www.blutezeit.com\/pt\/shop\/\"},{\"@type\":\"ListItem\",\"position\":3,\"name\":\"Timer Relay\"}]},{\"@type\":\"WebSite\",\"@id\":\"https:\/\/www.blutezeit.com\/pt\/#website\",\"url\":\"https:\/\/www.blutezeit.com\/pt\/\",\"name\":\"Bl\u00fctezeit\",\"description\":\"Smart &amp; Solar Gate Opener Systems\",\"potentialAction\":[{\"@type\":\"SearchAction\",\"target\":{\"@type\":\"EntryPoint\",\"urlTemplate\":\"https:\/\/www.blutezeit.com\/pt\/?s={search_term_string}\"},\"query-input\":{\"@type\":\"PropertyValueSpecification\",\"valueRequired\":true,\"valueName\":\"search_term_string\"}}],\"inLanguage\":\"de\"}]}<\/script>\n<!-- \/ Yoast SEO plugin. -->","yoast_head_json":{"title":"Timer Relay - Bl\u00fctezeit","robots":{"index":"index","follow":"follow","max-snippet":"max-snippet:-1","max-image-preview":"max-image-preview:large","max-video-preview":"max-video-preview:-1"},"canonical":"https:\/\/www.blutezeit.com\/de\/produkt\/mtr01-timer-relay-gate-opener\/","og_locale":"de_DE","og_type":"article","og_title":"Timer Relay - Bl\u00fctezeit","og_description":"AC\/DC 5\u201330V multifunctional timer relay with LED display for sliding &amp; swing gate openers","og_url":"https:\/\/www.blutezeit.com\/de\/produkt\/mtr01-timer-relay-gate-opener\/","og_site_name":"Bl\u00fctezeit","article_modified_time":"2026-03-09T09:02:15+00:00","og_image":[{"width":2560,"height":2560,"url":"http:\/\/www.blutezeit.com\/wp-content\/uploads\/2026\/01\/Time-Relay-for-Gate-Openers-2-1-scaled.jpg","type":"image\/jpeg"}],"twitter_card":"summary_large_image","twitter_misc":{"Gesch\u00e4tzte Lesezeit":"2\u00a0Minuten"},"schema":{"@context":"https:\/\/schema.org","@graph":[{"@type":"WebPage","@id":"https:\/\/www.blutezeit.com\/product\/mtr01-timer-relay-gate-opener\/","url":"https:\/\/www.blutezeit.com\/product\/mtr01-timer-relay-gate-opener\/","name":"Timer Relay - Bl\u00fctezeit","isPartOf":{"@id":"https:\/\/www.blutezeit.com\/pt\/#website"},"primaryImageOfPage":{"@id":"https:\/\/www.blutezeit.com\/product\/mtr01-timer-relay-gate-opener\/#primaryimage"},"image":{"@id":"https:\/\/www.blutezeit.com\/product\/mtr01-timer-relay-gate-opener\/#primaryimage"},"thumbnailUrl":"https:\/\/www.blutezeit.com\/wp-content\/uploads\/2026\/01\/Time-Relay-for-Gate-Openers-2-1-scaled.jpg","datePublished":"2026-01-12T10:16:09+00:00","dateModified":"2026-03-09T09:02:15+00:00","breadcrumb":{"@id":"https:\/\/www.blutezeit.com\/product\/mtr01-timer-relay-gate-opener\/#breadcrumb"},"inLanguage":"de","potentialAction":[{"@type":"ReadAction","target":["https:\/\/www.blutezeit.com\/product\/mtr01-timer-relay-gate-opener\/"]}]},{"@type":"ImageObject","inLanguage":"de","@id":"https:\/\/www.blutezeit.com\/product\/mtr01-timer-relay-gate-opener\/#primaryimage","url":"https:\/\/www.blutezeit.com\/wp-content\/uploads\/2026\/01\/Time-Relay-for-Gate-Openers-2-1-scaled.jpg","contentUrl":"https:\/\/www.blutezeit.com\/wp-content\/uploads\/2026\/01\/Time-Relay-for-Gate-Openers-2-1-scaled.jpg","width":2560,"height":2560},{"@type":"BreadcrumbList","@id":"https:\/\/www.blutezeit.com\/product\/mtr01-timer-relay-gate-opener\/#breadcrumb","itemListElement":[{"@type":"ListItem","position":1,"name":"\u9996\u9875","item":"https:\/\/www.blutezeit.com\/pt\/"},{"@type":"ListItem","position":2,"name":"Product","item":"https:\/\/www.blutezeit.com\/pt\/shop\/"},{"@type":"ListItem","position":3,"name":"Timer Relay"}]},{"@type":"WebSite","@id":"https:\/\/www.blutezeit.com\/pt\/#website","url":"https:\/\/www.blutezeit.com\/pt\/","name":"Bl\u00fctezeit","description":"Intelligente und solare Tor\u00f6ffnersysteme","potentialAction":[{"@type":"SearchAction","target":{"@type":"EntryPoint","urlTemplate":"https:\/\/www.blutezeit.com\/pt\/?s={search_term_string}"},"query-input":{"@type":"PropertyValueSpecification","valueRequired":true,"valueName":"search_term_string"}}],"inLanguage":"de"}]}},"_links":{"self":[{"href":"https:\/\/www.blutezeit.com\/de\/wp-json\/wp\/v2\/product\/1591","targetHints":{"allow":["GET"]}}],"collection":[{"href":"https:\/\/www.blutezeit.com\/de\/wp-json\/wp\/v2\/product"}],"about":[{"href":"https:\/\/www.blutezeit.com\/de\/wp-json\/wp\/v2\/types\/product"}],"replies":[{"embeddable":true,"href":"https:\/\/www.blutezeit.com\/de\/wp-json\/wp\/v2\/comments?post=1591"}],"wp:featuredmedia":[{"embeddable":true,"href":"https:\/\/www.blutezeit.com\/de\/wp-json\/wp\/v2\/media\/1596"}],"wp:attachment":[{"href":"https:\/\/www.blutezeit.com\/de\/wp-json\/wp\/v2\/media?parent=1591"}],"wp:term":[{"taxonomy":"product_brand","embeddable":true,"href":"https:\/\/www.blutezeit.com\/de\/wp-json\/wp\/v2\/product_brand?post=1591"},{"taxonomy":"product_cat","embeddable":true,"href":"https:\/\/www.blutezeit.com\/de\/wp-json\/wp\/v2\/product_cat?post=1591"},{"taxonomy":"product_tag","embeddable":true,"href":"https:\/\/www.blutezeit.com\/de\/wp-json\/wp\/v2\/product_tag?post=1591"}],"curies":[{"name":"wp","href":"https:\/\/api.w.org\/{rel}","templated":true}]}}