{"id":1546,"date":"2026-01-06T09:22:00","date_gmt":"2026-01-06T09:22:00","guid":{"rendered":"https:\/\/www.blutezeit.com\/?post_type=product&#038;p=1546"},"modified":"2026-01-07T10:54:49","modified_gmt":"2026-01-07T10:54:49","slug":"mcs17l-solar-panel-extension-cord-17ft-ms-swing-gate-opener","status":"publish","type":"product","link":"https:\/\/www.blutezeit.com\/de\/produkt\/mcs17l-solar-panel-extension-cord-17ft-ms-swing-gate-opener\/","title":{"rendered":"5,2 m langes Solarpanel-Verl\u00e4ngerungskabel f\u00fcr ME-MS Schwingtor\u00f6ffner"},"content":{"rendered":"<h4><strong><span class=\"a-text-bold\">Bl\u00fctezeit Solar-Erweiterungsset \u2013 ME-MS Schwingtor\u00f6ffner mit wasserdichten Anschl\u00fcssen<\/span><\/strong><\/h4>\n<p><strong><span class=\"a-text-bold\">Zweck<\/span><\/strong><br \/>\nDieses speziell f\u00fcr den ME-MS-Drehtorantriebsmotor entwickelte Erweiterungsset enth\u00e4lt ein 5,2 m langes Gleichstrom-Verl\u00e4ngerungskabel mit wasserdichten Steckern (Buchse auf Stecker). Es erm\u00f6glicht eine flexible Platzierung der Solarmodule durch die Verl\u00e4ngerung der Verbindungsdistanz und gew\u00e4hrleistet so eine maximale Sonneneinstrahlung und verbesserte Ladeeffizienz.<\/p>\n<p><strong><span class=\"a-text-bold\">Zuverl\u00e4ssige Energie\u00fcbertragung<\/span><\/strong><br \/>\nReine Kupferleitungen und hochwertige Steckverbinder gew\u00e4hrleisten eine stabile und effiziente Energie\u00fcbertragung. Das Set l\u00e4sst sich nahtlos in Solarladeregler integrieren und sorgt so f\u00fcr eine gleichbleibende Leistung Ihres solarbetriebenen Torantriebssystems.<\/p>\n<p><strong><span class=\"a-text-bold\">Wetterfest und langlebig<\/span><\/strong><br \/>\nDas Verl\u00e4ngerungskabel wurde f\u00fcr den langfristigen Einsatz im Freien entwickelt und h\u00e4lt rauen Wetterbedingungen stand, w\u00e4hrend gleichzeitig eine zuverl\u00e4ssige Verbindung und ein sicherer Betrieb gew\u00e4hrleistet werden.<\/p>\n<p><strong><span class=\"a-text-bold\">Praktische L\u00e4nge<\/span><\/strong><br \/>\nDie Kabell\u00e4nge von 5,2 m (17 Fu\u00df) bietet mehr Flexibilit\u00e4t bei der Positionierung der Solarmodule, reduziert die Installationsbeschr\u00e4nkungen und verbessert die Gesamtenergieeffizienz.<\/p>\n<p><strong><span class=\"a-text-bold\">\u2705 Spezifikationen<\/span><\/strong><\/p>\n<ul class=\"a-unordered-list a-vertical\">\n<li><span class=\"a-list-item\"><span class=\"a-text-bold\">Kompatibilit\u00e4t:<\/span>\u00a0ME-MS Schwingtor\u00f6ffner<\/span><\/li>\n<li><span class=\"a-list-item\"><span class=\"a-text-bold\">Kabell\u00e4nge:<\/span>\u00a017 Fu\u00df (5,2 Meter)<\/span><\/li>\n<li><span class=\"a-list-item\"><span class=\"a-text-bold\">Steckertyp:<\/span>\u00a01 weiblicher auf 1 m\u00e4nnlicher DC-Stecker (5,5 mm \u00d7 2,1 mm) mit wasserdichtem Schutz<\/span><\/li>\n<li><span class=\"a-list-item\"><span class=\"a-text-bold\">Material:<\/span>\u00a0Reine Kupferdr\u00e4hte f\u00fcr hohe Leitf\u00e4higkeit<\/span><\/li>\n<li><span class=\"a-list-item\"><span class=\"a-text-bold\">Wetterbest\u00e4ndigkeit:<\/span>\u00a0Wasserdicht und langlebig f\u00fcr den Au\u00dfeneinsatz<\/span><\/li>\n<li><span class=\"a-list-item\"><span class=\"a-text-bold\">Funktionalit\u00e4t:<\/span>\u00a0Verl\u00e4ngert die Verkabelung der Solarmodule f\u00fcr eine optimale Platzierung und effizientes Laden<\/span><\/li>\n<\/ul>","protected":false},"excerpt":{"rendered":"<p>17 Fu\u00df langes DC-Link-Verl\u00e4ngerungskabel mit wasserdichten Steckern f\u00fcr ME-MS-Drehtor\u00f6ffnersysteme<\/p>","protected":false},"featured_media":1551,"comment_status":"open","ping_status":"closed","template":"","meta":[],"product_brand":[33],"product_cat":[80,22],"product_tag":[],"class_list":{"0":"post-1546","1":"product","2":"type-product","3":"status-publish","4":"has-post-thumbnail","6":"product_brand-blutezeit","7":"product_cat-solar-power-supply","8":"product_cat-accessories","10":"first","11":"instock","12":"shipping-taxable","13":"purchasable","14":"product-type-simple"},"yoast_head":"<!-- This site is optimized with the Yoast SEO plugin v26.4 - https:\/\/yoast.com\/wordpress\/plugins\/seo\/ -->\n<title>Solar Panel Extension Cord 17ft for ME-MS Swing Gate Openers - Bl\u00fctezeit<\/title>\n<meta name=\"robots\" content=\"index, follow, max-snippet:-1, max-image-preview:large, max-video-preview:-1\" \/>\n<link rel=\"canonical\" href=\"https:\/\/www.blutezeit.com\/de\/produkt\/mcs17l-solar-panel-extension-cord-17ft-ms-swing-gate-opener\/\" \/>\n<meta property=\"og:locale\" content=\"de_DE\" \/>\n<meta property=\"og:type\" content=\"article\" \/>\n<meta property=\"og:title\" content=\"Solar Panel Extension Cord 17ft for ME-MS Swing Gate Openers - Bl\u00fctezeit\" \/>\n<meta property=\"og:description\" content=\"17ft DC link extension cable with waterproof connectors for ME-MS swing gate opener systems\" \/>\n<meta property=\"og:url\" content=\"https:\/\/www.blutezeit.com\/de\/produkt\/mcs17l-solar-panel-extension-cord-17ft-ms-swing-gate-opener\/\" \/>\n<meta property=\"og:site_name\" content=\"Bl\u00fctezeit\" \/>\n<meta property=\"article:modified_time\" content=\"2026-01-07T10:54:49+00:00\" \/>\n<meta property=\"og:image\" content=\"http:\/\/www.blutezeit.com\/wp-content\/uploads\/2026\/01\/Extension-Cable-for-MS-Swing-Gate-Opener-Solar-Panel-1-scaled.jpg\" \/>\n\t<meta property=\"og:image:width\" content=\"2560\" \/>\n\t<meta property=\"og:image:height\" content=\"2560\" \/>\n\t<meta property=\"og:image:type\" content=\"image\/jpeg\" \/>\n<meta name=\"twitter:card\" content=\"summary_large_image\" \/>\n<meta name=\"twitter:label1\" content=\"Gesch\u00e4tzte Lesezeit\" \/>\n\t<meta name=\"twitter:data1\" content=\"1\u00a0Minute\" \/>\n<script type=\"application\/ld+json\" class=\"yoast-schema-graph\">{\"@context\":\"https:\/\/schema.org\",\"@graph\":[{\"@type\":\"WebPage\",\"@id\":\"https:\/\/www.blutezeit.com\/product\/mcs17l-solar-panel-extension-cord-17ft-ms-swing-gate-opener\/\",\"url\":\"https:\/\/www.blutezeit.com\/product\/mcs17l-solar-panel-extension-cord-17ft-ms-swing-gate-opener\/\",\"name\":\"Solar Panel Extension Cord 17ft for ME-MS Swing Gate Openers - Bl\u00fctezeit\",\"isPartOf\":{\"@id\":\"https:\/\/www.blutezeit.com\/pt\/#website\"},\"primaryImageOfPage\":{\"@id\":\"https:\/\/www.blutezeit.com\/product\/mcs17l-solar-panel-extension-cord-17ft-ms-swing-gate-opener\/#primaryimage\"},\"image\":{\"@id\":\"https:\/\/www.blutezeit.com\/product\/mcs17l-solar-panel-extension-cord-17ft-ms-swing-gate-opener\/#primaryimage\"},\"thumbnailUrl\":\"https:\/\/www.blutezeit.com\/wp-content\/uploads\/2026\/01\/Extension-Cable-for-MS-Swing-Gate-Opener-Solar-Panel-1-scaled.jpg\",\"datePublished\":\"2026-01-06T09:22:00+00:00\",\"dateModified\":\"2026-01-07T10:54:49+00:00\",\"breadcrumb\":{\"@id\":\"https:\/\/www.blutezeit.com\/product\/mcs17l-solar-panel-extension-cord-17ft-ms-swing-gate-opener\/#breadcrumb\"},\"inLanguage\":\"de\",\"potentialAction\":[{\"@type\":\"ReadAction\",\"target\":[\"https:\/\/www.blutezeit.com\/product\/mcs17l-solar-panel-extension-cord-17ft-ms-swing-gate-opener\/\"]}]},{\"@type\":\"ImageObject\",\"inLanguage\":\"de\",\"@id\":\"https:\/\/www.blutezeit.com\/product\/mcs17l-solar-panel-extension-cord-17ft-ms-swing-gate-opener\/#primaryimage\",\"url\":\"https:\/\/www.blutezeit.com\/wp-content\/uploads\/2026\/01\/Extension-Cable-for-MS-Swing-Gate-Opener-Solar-Panel-1-scaled.jpg\",\"contentUrl\":\"https:\/\/www.blutezeit.com\/wp-content\/uploads\/2026\/01\/Extension-Cable-for-MS-Swing-Gate-Opener-Solar-Panel-1-scaled.jpg\",\"width\":2560,\"height\":2560},{\"@type\":\"BreadcrumbList\",\"@id\":\"https:\/\/www.blutezeit.com\/product\/mcs17l-solar-panel-extension-cord-17ft-ms-swing-gate-opener\/#breadcrumb\",\"itemListElement\":[{\"@type\":\"ListItem\",\"position\":1,\"name\":\"\u9996\u9875\",\"item\":\"https:\/\/www.blutezeit.com\/pt\/\"},{\"@type\":\"ListItem\",\"position\":2,\"name\":\"Product\",\"item\":\"https:\/\/www.blutezeit.com\/pt\/shop\/\"},{\"@type\":\"ListItem\",\"position\":3,\"name\":\"Solar Panel Extension Cord 17ft for ME-MS Swing Gate Openers\"}]},{\"@type\":\"WebSite\",\"@id\":\"https:\/\/www.blutezeit.com\/pt\/#website\",\"url\":\"https:\/\/www.blutezeit.com\/pt\/\",\"name\":\"Bl\u00fctezeit\",\"description\":\"Smart &amp; Solar Gate Opener Systems\",\"potentialAction\":[{\"@type\":\"SearchAction\",\"target\":{\"@type\":\"EntryPoint\",\"urlTemplate\":\"https:\/\/www.blutezeit.com\/pt\/?s={search_term_string}\"},\"query-input\":{\"@type\":\"PropertyValueSpecification\",\"valueRequired\":true,\"valueName\":\"search_term_string\"}}],\"inLanguage\":\"de\"}]}<\/script>\n<!-- \/ Yoast SEO plugin. -->","yoast_head_json":{"title":"Solar Panel Extension Cord 17ft for ME-MS Swing Gate Openers - Bl\u00fctezeit","robots":{"index":"index","follow":"follow","max-snippet":"max-snippet:-1","max-image-preview":"max-image-preview:large","max-video-preview":"max-video-preview:-1"},"canonical":"https:\/\/www.blutezeit.com\/de\/produkt\/mcs17l-solar-panel-extension-cord-17ft-ms-swing-gate-opener\/","og_locale":"de_DE","og_type":"article","og_title":"Solar Panel Extension Cord 17ft for ME-MS Swing Gate Openers - Bl\u00fctezeit","og_description":"17ft DC link extension cable with waterproof connectors for ME-MS swing gate opener systems","og_url":"https:\/\/www.blutezeit.com\/de\/produkt\/mcs17l-solar-panel-extension-cord-17ft-ms-swing-gate-opener\/","og_site_name":"Bl\u00fctezeit","article_modified_time":"2026-01-07T10:54:49+00:00","og_image":[{"width":2560,"height":2560,"url":"http:\/\/www.blutezeit.com\/wp-content\/uploads\/2026\/01\/Extension-Cable-for-MS-Swing-Gate-Opener-Solar-Panel-1-scaled.jpg","type":"image\/jpeg"}],"twitter_card":"summary_large_image","twitter_misc":{"Gesch\u00e4tzte Lesezeit":"1\u00a0Minute"},"schema":{"@context":"https:\/\/schema.org","@graph":[{"@type":"WebPage","@id":"https:\/\/www.blutezeit.com\/product\/mcs17l-solar-panel-extension-cord-17ft-ms-swing-gate-opener\/","url":"https:\/\/www.blutezeit.com\/product\/mcs17l-solar-panel-extension-cord-17ft-ms-swing-gate-opener\/","name":"Solar Panel Extension Cord 17ft for ME-MS Swing Gate Openers - Bl\u00fctezeit","isPartOf":{"@id":"https:\/\/www.blutezeit.com\/pt\/#website"},"primaryImageOfPage":{"@id":"https:\/\/www.blutezeit.com\/product\/mcs17l-solar-panel-extension-cord-17ft-ms-swing-gate-opener\/#primaryimage"},"image":{"@id":"https:\/\/www.blutezeit.com\/product\/mcs17l-solar-panel-extension-cord-17ft-ms-swing-gate-opener\/#primaryimage"},"thumbnailUrl":"https:\/\/www.blutezeit.com\/wp-content\/uploads\/2026\/01\/Extension-Cable-for-MS-Swing-Gate-Opener-Solar-Panel-1-scaled.jpg","datePublished":"2026-01-06T09:22:00+00:00","dateModified":"2026-01-07T10:54:49+00:00","breadcrumb":{"@id":"https:\/\/www.blutezeit.com\/product\/mcs17l-solar-panel-extension-cord-17ft-ms-swing-gate-opener\/#breadcrumb"},"inLanguage":"de","potentialAction":[{"@type":"ReadAction","target":["https:\/\/www.blutezeit.com\/product\/mcs17l-solar-panel-extension-cord-17ft-ms-swing-gate-opener\/"]}]},{"@type":"ImageObject","inLanguage":"de","@id":"https:\/\/www.blutezeit.com\/product\/mcs17l-solar-panel-extension-cord-17ft-ms-swing-gate-opener\/#primaryimage","url":"https:\/\/www.blutezeit.com\/wp-content\/uploads\/2026\/01\/Extension-Cable-for-MS-Swing-Gate-Opener-Solar-Panel-1-scaled.jpg","contentUrl":"https:\/\/www.blutezeit.com\/wp-content\/uploads\/2026\/01\/Extension-Cable-for-MS-Swing-Gate-Opener-Solar-Panel-1-scaled.jpg","width":2560,"height":2560},{"@type":"BreadcrumbList","@id":"https:\/\/www.blutezeit.com\/product\/mcs17l-solar-panel-extension-cord-17ft-ms-swing-gate-opener\/#breadcrumb","itemListElement":[{"@type":"ListItem","position":1,"name":"\u9996\u9875","item":"https:\/\/www.blutezeit.com\/pt\/"},{"@type":"ListItem","position":2,"name":"Product","item":"https:\/\/www.blutezeit.com\/pt\/shop\/"},{"@type":"ListItem","position":3,"name":"Solar Panel Extension Cord 17ft for ME-MS Swing Gate Openers"}]},{"@type":"WebSite","@id":"https:\/\/www.blutezeit.com\/pt\/#website","url":"https:\/\/www.blutezeit.com\/pt\/","name":"Bl\u00fctezeit","description":"Intelligente und solare Tor\u00f6ffnersysteme","potentialAction":[{"@type":"SearchAction","target":{"@type":"EntryPoint","urlTemplate":"https:\/\/www.blutezeit.com\/pt\/?s={search_term_string}"},"query-input":{"@type":"PropertyValueSpecification","valueRequired":true,"valueName":"search_term_string"}}],"inLanguage":"de"}]}},"_links":{"self":[{"href":"https:\/\/www.blutezeit.com\/de\/wp-json\/wp\/v2\/product\/1546","targetHints":{"allow":["GET"]}}],"collection":[{"href":"https:\/\/www.blutezeit.com\/de\/wp-json\/wp\/v2\/product"}],"about":[{"href":"https:\/\/www.blutezeit.com\/de\/wp-json\/wp\/v2\/types\/product"}],"replies":[{"embeddable":true,"href":"https:\/\/www.blutezeit.com\/de\/wp-json\/wp\/v2\/comments?post=1546"}],"wp:featuredmedia":[{"embeddable":true,"href":"https:\/\/www.blutezeit.com\/de\/wp-json\/wp\/v2\/media\/1551"}],"wp:attachment":[{"href":"https:\/\/www.blutezeit.com\/de\/wp-json\/wp\/v2\/media?parent=1546"}],"wp:term":[{"taxonomy":"product_brand","embeddable":true,"href":"https:\/\/www.blutezeit.com\/de\/wp-json\/wp\/v2\/product_brand?post=1546"},{"taxonomy":"product_cat","embeddable":true,"href":"https:\/\/www.blutezeit.com\/de\/wp-json\/wp\/v2\/product_cat?post=1546"},{"taxonomy":"product_tag","embeddable":true,"href":"https:\/\/www.blutezeit.com\/de\/wp-json\/wp\/v2\/product_tag?post=1546"}],"curies":[{"name":"wp","href":"https:\/\/api.w.org\/{rel}","templated":true}]}}