{"id":1520,"date":"2025-12-29T09:48:35","date_gmt":"2025-12-29T09:48:35","guid":{"rendered":"https:\/\/www.blutezeit.com\/?post_type=product&#038;p=1520"},"modified":"2026-01-06T09:24:41","modified_gmt":"2026-01-06T09:24:41","slug":"mcs06p-12in-solar-panel-parallel-cable-ms-swing-gate-opener","status":"publish","type":"product","link":"https:\/\/www.blutezeit.com\/de\/produkt\/mcs06p-12in-solar-panel-parallel-cable-ms-swing-gate-opener\/","title":{"rendered":"Parallelkabel f\u00fcr Solarmodule, 12 Zoll, f\u00fcr ME-MS Drehtor\u00f6ffner"},"content":{"rendered":"<h5><strong><span class=\"a-text-bold\">Bl\u00fctezeit Solaradapter-Set \u2013 ME-MS Schwingtor\u00f6ffner-Parallelkabel mit wasserdichten Steckern<\/span><\/strong><\/h5>\n<p><span class=\"a-text-bold\">Zweck<\/span><br \/>\nDieses speziell f\u00fcr den ME-MS-Drehtorantriebsmotor entwickelte Adapterset verf\u00fcgt \u00fcber 12-Zoll-DC-Zwischenkreiskabel mit zwei Anschl\u00fcssen und wasserdichten Steckern. Es erm\u00f6glicht den nahtlosen Anschluss von zus\u00e4tzlichen Solarmodulen oder externen Modulen und gew\u00e4hrleistet so einen zuverl\u00e4ssigen und wetterfesten Betrieb bei Au\u00dfeninstallationen.<\/p>\n<p><span class=\"a-text-bold\">Zuverl\u00e4ssige Energie\u00fcbertragung<\/span><br \/>\nReine Kupferleitungen und hochwertige Steckverbinder gew\u00e4hrleisten eine stabile und effiziente Energie\u00fcbertragung. Das Set l\u00e4sst sich nahtlos in Solarladeregler integrieren, um die Ladeeffizienz zu optimieren und die Systemerweiterung zu unterst\u00fctzen.<\/p>\n<p><span class=\"a-text-bold\">Wetterfest und langlebig<\/span><br \/>\nDas Adapterset wurde f\u00fcr den langfristigen Einsatz im Freien entwickelt und h\u00e4lt rauen Bedingungen stand, wodurch eine gleichbleibende Leistung und dauerhafte Zuverl\u00e4ssigkeit Ihres Torantriebssystems gew\u00e4hrleistet wird.<\/p>\n<p><span class=\"a-text-bold\">Kompaktes Design<\/span><br \/>\nDie Kabell\u00e4nge von 12 Zoll (0,3 m) bietet eine bequeme und flexible L\u00f6sung f\u00fcr die Installation von Solarmodulen ohne \u00fcberm\u00e4\u00dfigen Kabelsalat.<\/p>\n<p><strong><span class=\"a-text-bold\">\u2705 Spezifikationen<\/span><\/strong><\/p>\n<ul class=\"a-unordered-list a-vertical\">\n<li><span class=\"a-list-item\"><span class=\"a-text-bold\">Kompatibilit\u00e4t:<\/span>\u00a0ME-MS Schwingtor\u00f6ffner<\/span><\/li>\n<li><span class=\"a-list-item\"><span class=\"a-text-bold\">Kabell\u00e4nge:<\/span>\u00a012 Zoll (0,3 Meter) Dual-Port-DC-Verbindungskabel<\/span><\/li>\n<li><span class=\"a-list-item\"><span class=\"a-text-bold\">Steckertyp:<\/span>\u00a01 weiblicher auf 2 m\u00e4nnliche Anschl\u00fcsse (5,5 mm \u00d7 2,1 mm) mit wasserdichtem Schutz<\/span><\/li>\n<li><span class=\"a-list-item\"><span class=\"a-text-bold\">Material:<\/span>\u00a0Reine Kupferverkabelung f\u00fcr optimale Leitf\u00e4higkeit<\/span><\/li>\n<li><span class=\"a-list-item\"><span class=\"a-text-bold\">Wetterbest\u00e4ndigkeit:<\/span>\u00a0Wasserdicht und langlebig f\u00fcr den Au\u00dfeneinsatz<\/span><\/li>\n<li><span class=\"a-list-item\"><span class=\"a-text-bold\">Funktionalit\u00e4t:<\/span>\u00a0Verbindet zus\u00e4tzliche Solarpaneele mit dem Tor\u00f6ffner, wodurch die Energieeffizienz gesteigert und die Systemerweiterung erm\u00f6glicht wird.<\/span><\/li>\n<\/ul>","protected":false},"excerpt":{"rendered":"<p>12-Zoll-Doppelanschluss-Gleichstrom-Parallelkabel zum Parallelanschluss von Solarmodulen an Schwingtor\u00f6ffner der Serie Bl\u00fctezeit ME-MS.<\/p>","protected":false},"featured_media":1522,"comment_status":"open","ping_status":"closed","template":"","meta":[],"product_brand":[33],"product_cat":[80,22],"product_tag":[],"class_list":{"0":"post-1520","1":"product","2":"type-product","3":"status-publish","4":"has-post-thumbnail","6":"product_brand-blutezeit","7":"product_cat-solar-power-supply","8":"product_cat-accessories","10":"first","11":"instock","12":"shipping-taxable","13":"purchasable","14":"product-type-simple"},"yoast_head":"<!-- This site is optimized with the Yoast SEO plugin v26.4 - https:\/\/yoast.com\/wordpress\/plugins\/seo\/ -->\n<title>Solar Panel Parallel Cable 12in for ME-MS Swing Gate Openers - Bl\u00fctezeit<\/title>\n<meta name=\"robots\" content=\"index, follow, max-snippet:-1, max-image-preview:large, max-video-preview:-1\" \/>\n<link rel=\"canonical\" href=\"https:\/\/www.blutezeit.com\/de\/produkt\/mcs06p-12in-solar-panel-parallel-cable-ms-swing-gate-opener\/\" \/>\n<meta property=\"og:locale\" content=\"de_DE\" \/>\n<meta property=\"og:type\" content=\"article\" \/>\n<meta property=\"og:title\" content=\"Solar Panel Parallel Cable 12in for ME-MS Swing Gate Openers - Bl\u00fctezeit\" \/>\n<meta property=\"og:description\" content=\"12-inch dual-port DC parallel cable for connecting solar panels in parallel to Bl\u00fctezeit ME-MS series swing gate openers\" \/>\n<meta property=\"og:url\" content=\"https:\/\/www.blutezeit.com\/de\/produkt\/mcs06p-12in-solar-panel-parallel-cable-ms-swing-gate-opener\/\" \/>\n<meta property=\"og:site_name\" content=\"Bl\u00fctezeit\" \/>\n<meta property=\"article:modified_time\" content=\"2026-01-06T09:24:41+00:00\" \/>\n<meta property=\"og:image\" content=\"http:\/\/www.blutezeit.com\/wp-content\/uploads\/2025\/12\/Parallel-Cable-for-MS-Swing-Gate-Opener-Solar-Panel-1-scaled.jpg\" \/>\n\t<meta property=\"og:image:width\" content=\"2560\" \/>\n\t<meta property=\"og:image:height\" content=\"2560\" \/>\n\t<meta property=\"og:image:type\" content=\"image\/jpeg\" \/>\n<meta name=\"twitter:card\" content=\"summary_large_image\" \/>\n<meta name=\"twitter:label1\" content=\"Gesch\u00e4tzte Lesezeit\" \/>\n\t<meta name=\"twitter:data1\" content=\"2\u00a0Minuten\" \/>\n<script type=\"application\/ld+json\" class=\"yoast-schema-graph\">{\"@context\":\"https:\/\/schema.org\",\"@graph\":[{\"@type\":\"WebPage\",\"@id\":\"https:\/\/www.blutezeit.com\/product\/mcs06p-12in-solar-panel-parallel-cable-ms-swing-gate-opener\/\",\"url\":\"https:\/\/www.blutezeit.com\/product\/mcs06p-12in-solar-panel-parallel-cable-ms-swing-gate-opener\/\",\"name\":\"Solar Panel Parallel Cable 12in for ME-MS Swing Gate Openers - Bl\u00fctezeit\",\"isPartOf\":{\"@id\":\"https:\/\/www.blutezeit.com\/pt\/#website\"},\"primaryImageOfPage\":{\"@id\":\"https:\/\/www.blutezeit.com\/product\/mcs06p-12in-solar-panel-parallel-cable-ms-swing-gate-opener\/#primaryimage\"},\"image\":{\"@id\":\"https:\/\/www.blutezeit.com\/product\/mcs06p-12in-solar-panel-parallel-cable-ms-swing-gate-opener\/#primaryimage\"},\"thumbnailUrl\":\"https:\/\/www.blutezeit.com\/wp-content\/uploads\/2025\/12\/Parallel-Cable-for-MS-Swing-Gate-Opener-Solar-Panel-1-scaled.jpg\",\"datePublished\":\"2025-12-29T09:48:35+00:00\",\"dateModified\":\"2026-01-06T09:24:41+00:00\",\"breadcrumb\":{\"@id\":\"https:\/\/www.blutezeit.com\/product\/mcs06p-12in-solar-panel-parallel-cable-ms-swing-gate-opener\/#breadcrumb\"},\"inLanguage\":\"de\",\"potentialAction\":[{\"@type\":\"ReadAction\",\"target\":[\"https:\/\/www.blutezeit.com\/product\/mcs06p-12in-solar-panel-parallel-cable-ms-swing-gate-opener\/\"]}]},{\"@type\":\"ImageObject\",\"inLanguage\":\"de\",\"@id\":\"https:\/\/www.blutezeit.com\/product\/mcs06p-12in-solar-panel-parallel-cable-ms-swing-gate-opener\/#primaryimage\",\"url\":\"https:\/\/www.blutezeit.com\/wp-content\/uploads\/2025\/12\/Parallel-Cable-for-MS-Swing-Gate-Opener-Solar-Panel-1-scaled.jpg\",\"contentUrl\":\"https:\/\/www.blutezeit.com\/wp-content\/uploads\/2025\/12\/Parallel-Cable-for-MS-Swing-Gate-Opener-Solar-Panel-1-scaled.jpg\",\"width\":2560,\"height\":2560},{\"@type\":\"BreadcrumbList\",\"@id\":\"https:\/\/www.blutezeit.com\/product\/mcs06p-12in-solar-panel-parallel-cable-ms-swing-gate-opener\/#breadcrumb\",\"itemListElement\":[{\"@type\":\"ListItem\",\"position\":1,\"name\":\"\u9996\u9875\",\"item\":\"https:\/\/www.blutezeit.com\/pt\/\"},{\"@type\":\"ListItem\",\"position\":2,\"name\":\"Product\",\"item\":\"https:\/\/www.blutezeit.com\/pt\/shop\/\"},{\"@type\":\"ListItem\",\"position\":3,\"name\":\"Solar Panel Parallel Cable 12in for ME-MS Swing Gate Openers\"}]},{\"@type\":\"WebSite\",\"@id\":\"https:\/\/www.blutezeit.com\/pt\/#website\",\"url\":\"https:\/\/www.blutezeit.com\/pt\/\",\"name\":\"Bl\u00fctezeit\",\"description\":\"Smart &amp; Solar Gate Opener Systems\",\"potentialAction\":[{\"@type\":\"SearchAction\",\"target\":{\"@type\":\"EntryPoint\",\"urlTemplate\":\"https:\/\/www.blutezeit.com\/pt\/?s={search_term_string}\"},\"query-input\":{\"@type\":\"PropertyValueSpecification\",\"valueRequired\":true,\"valueName\":\"search_term_string\"}}],\"inLanguage\":\"de\"}]}<\/script>\n<!-- \/ Yoast SEO plugin. -->","yoast_head_json":{"title":"Solar Panel Parallel Cable 12in for ME-MS Swing Gate Openers - Bl\u00fctezeit","robots":{"index":"index","follow":"follow","max-snippet":"max-snippet:-1","max-image-preview":"max-image-preview:large","max-video-preview":"max-video-preview:-1"},"canonical":"https:\/\/www.blutezeit.com\/de\/produkt\/mcs06p-12in-solar-panel-parallel-cable-ms-swing-gate-opener\/","og_locale":"de_DE","og_type":"article","og_title":"Solar Panel Parallel Cable 12in for ME-MS Swing Gate Openers - Bl\u00fctezeit","og_description":"12-inch dual-port DC parallel cable for connecting solar panels in parallel to Bl\u00fctezeit ME-MS series swing gate openers","og_url":"https:\/\/www.blutezeit.com\/de\/produkt\/mcs06p-12in-solar-panel-parallel-cable-ms-swing-gate-opener\/","og_site_name":"Bl\u00fctezeit","article_modified_time":"2026-01-06T09:24:41+00:00","og_image":[{"width":2560,"height":2560,"url":"http:\/\/www.blutezeit.com\/wp-content\/uploads\/2025\/12\/Parallel-Cable-for-MS-Swing-Gate-Opener-Solar-Panel-1-scaled.jpg","type":"image\/jpeg"}],"twitter_card":"summary_large_image","twitter_misc":{"Gesch\u00e4tzte Lesezeit":"2\u00a0Minuten"},"schema":{"@context":"https:\/\/schema.org","@graph":[{"@type":"WebPage","@id":"https:\/\/www.blutezeit.com\/product\/mcs06p-12in-solar-panel-parallel-cable-ms-swing-gate-opener\/","url":"https:\/\/www.blutezeit.com\/product\/mcs06p-12in-solar-panel-parallel-cable-ms-swing-gate-opener\/","name":"Solar Panel Parallel Cable 12in for ME-MS Swing Gate Openers - Bl\u00fctezeit","isPartOf":{"@id":"https:\/\/www.blutezeit.com\/pt\/#website"},"primaryImageOfPage":{"@id":"https:\/\/www.blutezeit.com\/product\/mcs06p-12in-solar-panel-parallel-cable-ms-swing-gate-opener\/#primaryimage"},"image":{"@id":"https:\/\/www.blutezeit.com\/product\/mcs06p-12in-solar-panel-parallel-cable-ms-swing-gate-opener\/#primaryimage"},"thumbnailUrl":"https:\/\/www.blutezeit.com\/wp-content\/uploads\/2025\/12\/Parallel-Cable-for-MS-Swing-Gate-Opener-Solar-Panel-1-scaled.jpg","datePublished":"2025-12-29T09:48:35+00:00","dateModified":"2026-01-06T09:24:41+00:00","breadcrumb":{"@id":"https:\/\/www.blutezeit.com\/product\/mcs06p-12in-solar-panel-parallel-cable-ms-swing-gate-opener\/#breadcrumb"},"inLanguage":"de","potentialAction":[{"@type":"ReadAction","target":["https:\/\/www.blutezeit.com\/product\/mcs06p-12in-solar-panel-parallel-cable-ms-swing-gate-opener\/"]}]},{"@type":"ImageObject","inLanguage":"de","@id":"https:\/\/www.blutezeit.com\/product\/mcs06p-12in-solar-panel-parallel-cable-ms-swing-gate-opener\/#primaryimage","url":"https:\/\/www.blutezeit.com\/wp-content\/uploads\/2025\/12\/Parallel-Cable-for-MS-Swing-Gate-Opener-Solar-Panel-1-scaled.jpg","contentUrl":"https:\/\/www.blutezeit.com\/wp-content\/uploads\/2025\/12\/Parallel-Cable-for-MS-Swing-Gate-Opener-Solar-Panel-1-scaled.jpg","width":2560,"height":2560},{"@type":"BreadcrumbList","@id":"https:\/\/www.blutezeit.com\/product\/mcs06p-12in-solar-panel-parallel-cable-ms-swing-gate-opener\/#breadcrumb","itemListElement":[{"@type":"ListItem","position":1,"name":"\u9996\u9875","item":"https:\/\/www.blutezeit.com\/pt\/"},{"@type":"ListItem","position":2,"name":"Product","item":"https:\/\/www.blutezeit.com\/pt\/shop\/"},{"@type":"ListItem","position":3,"name":"Solar Panel Parallel Cable 12in for ME-MS Swing Gate Openers"}]},{"@type":"WebSite","@id":"https:\/\/www.blutezeit.com\/pt\/#website","url":"https:\/\/www.blutezeit.com\/pt\/","name":"Bl\u00fctezeit","description":"Intelligente und solare Tor\u00f6ffnersysteme","potentialAction":[{"@type":"SearchAction","target":{"@type":"EntryPoint","urlTemplate":"https:\/\/www.blutezeit.com\/pt\/?s={search_term_string}"},"query-input":{"@type":"PropertyValueSpecification","valueRequired":true,"valueName":"search_term_string"}}],"inLanguage":"de"}]}},"_links":{"self":[{"href":"https:\/\/www.blutezeit.com\/de\/wp-json\/wp\/v2\/product\/1520","targetHints":{"allow":["GET"]}}],"collection":[{"href":"https:\/\/www.blutezeit.com\/de\/wp-json\/wp\/v2\/product"}],"about":[{"href":"https:\/\/www.blutezeit.com\/de\/wp-json\/wp\/v2\/types\/product"}],"replies":[{"embeddable":true,"href":"https:\/\/www.blutezeit.com\/de\/wp-json\/wp\/v2\/comments?post=1520"}],"wp:featuredmedia":[{"embeddable":true,"href":"https:\/\/www.blutezeit.com\/de\/wp-json\/wp\/v2\/media\/1522"}],"wp:attachment":[{"href":"https:\/\/www.blutezeit.com\/de\/wp-json\/wp\/v2\/media?parent=1520"}],"wp:term":[{"taxonomy":"product_brand","embeddable":true,"href":"https:\/\/www.blutezeit.com\/de\/wp-json\/wp\/v2\/product_brand?post=1520"},{"taxonomy":"product_cat","embeddable":true,"href":"https:\/\/www.blutezeit.com\/de\/wp-json\/wp\/v2\/product_cat?post=1520"},{"taxonomy":"product_tag","embeddable":true,"href":"https:\/\/www.blutezeit.com\/de\/wp-json\/wp\/v2\/product_tag?post=1520"}],"curies":[{"name":"wp","href":"https:\/\/api.w.org\/{rel}","templated":true}]}}