{"id":1508,"date":"2025-12-29T09:11:07","date_gmt":"2025-12-29T09:11:07","guid":{"rendered":"https:\/\/www.blutezeit.com\/?post_type=product&#038;p=1508"},"modified":"2026-03-09T08:57:12","modified_gmt":"2026-03-09T08:57:12","slug":"mcd20-rfid-access-card-125khz-for-mwk20-wired-keypad","status":"publish","type":"product","link":"https:\/\/www.blutezeit.com\/de\/produkt\/mcd20-rfid-access-card-125khz-for-mwk20-wired-keypad\/","title":{"rendered":"Bl\u00fctezeit RFID-Zugangskarte f\u00fcr MWK-20 Kabelgebundenes Tastenfeld"},"content":{"rendered":"<div class=\"celwidget aplus-module premium-module-2-fullbackground-image aplus-premium\" data-csa-c-id=\"4op4oz-8u0t2i-1ry6fo-k7o882\">\n<div class=\"a-section a-spacing-none premium-aplus premium-aplus-module-2\">\n<h3 class=\"a-text-center aplus-container-3 aplus-h1 a-text-bold\">Bl\u00fctezeit MWK20 Kabelgebundene RFID-Tastaturkarte \u2013 Sicherer Zugang f\u00fcr Torbediener<\/h3>\n<div class=\"a-section a-spacing-none premium-background-wrapper\">\n<div class=\"a-section a-spacing-none background-image\"><img decoding=\"async\" class=\"\" src=\"https:\/\/m.media-amazon.com\/images\/S\/aplus-media-library-service-media\/e6669083-af2f-4045-8d46-2e7268998d8a.__CR0,0,1464,600_PT0_SX1464_V1___.jpg\" alt=\"RFID Card for MWK20 Wired Keypad \u2013 Compatible with Sliding and Swing Gate Openers Access System\" data-src=\"https:\/\/m.media-amazon.com\/images\/S\/aplus-media-library-service-media\/e6669083-af2f-4045-8d46-2e7268998d8a.__CR0,0,1464,600_PT0_SX1464_V1___.jpg\" \/><\/div>\n<\/div>\n<div class=\"a-section a-text-center\"><\/div>\n<\/div>\n<\/div>\n<div class=\"celwidget aplus-module premium-module-6-three-column-comparison aplus-premium\" data-csa-c-id=\"rqrwyv-6py00p-vlgbmz-4l9gxg\">\n<div class=\"a-section a-spacing-none premium-aplus premium-aplus-module-6 aplus-container-1\">\n<h3 class=\"a-text-center aplus-heading aplus-h1 a-text-bold\">H\u00e4ufig zusammen gekauft<\/h3>\n<div class=\"a-section a-spacing-none {'comparison-container'}\">\n<table class=\"a-normal\">\n<tbody>\n<tr class=\"comparison-heading-row\">\n<th class=\"a-align-bottom\">\n<div class=\"a-section a-spacing-none a-text-center\"><img decoding=\"async\" class=\"\" src=\"https:\/\/m.media-amazon.com\/images\/S\/aplus-media-library-service-media\/60a339ac-66a2-41cd-b1ce-6373cb12be56.__CR0,0,900,675_PT0_SX300_V1___.jpg\" alt=\"\" data-src=\"https:\/\/m.media-amazon.com\/images\/S\/aplus-media-library-service-media\/60a339ac-66a2-41cd-b1ce-6373cb12be56.__CR0,0,900,675_PT0_SX300_V1___.jpg\" \/><\/div>\n<div class=\"a-section a-spacing-none a-text-center aplus-title\">\n<p class=\"a-text-center aplus-title aplus-p2 a-text-bold\">RFID-Karte f\u00fcr MWK20-Tastatur<\/p>\n<\/div>\n<\/th>\n<th class=\"a-align-bottom\">\n<div class=\"a-section a-spacing-none a-text-center\"><img decoding=\"async\" class=\"\" src=\"https:\/\/m.media-amazon.com\/images\/S\/aplus-media-library-service-media\/526df064-c964-4c31-9390-bea960ba8413.__CR0,0,900,675_PT0_SX300_V1___.jpg\" alt=\"\" data-src=\"https:\/\/m.media-amazon.com\/images\/S\/aplus-media-library-service-media\/526df064-c964-4c31-9390-bea960ba8413.__CR0,0,900,675_PT0_SX300_V1___.jpg\" \/><\/div>\n<div class=\"a-section a-spacing-none a-text-center aplus-title\">\n<p class=\"a-text-center aplus-title aplus-p2 a-text-bold\">MWK20 Kabelgebundene Tastatur<\/p>\n<\/div>\n<\/th>\n<th class=\"a-align-bottom\">\n<div class=\"a-section a-spacing-none a-text-center\"><img decoding=\"async\" class=\"\" src=\"https:\/\/m.media-amazon.com\/images\/S\/aplus-media-library-service-media\/fa89e5bd-e03f-42db-8ee5-494ec134b79b.__CR0,0,900,675_PT0_SX300_V1___.jpg\" alt=\"\" data-src=\"https:\/\/m.media-amazon.com\/images\/S\/aplus-media-library-service-media\/fa89e5bd-e03f-42db-8ee5-494ec134b79b.__CR0,0,900,675_PT0_SX300_V1___.jpg\" \/><\/div>\n<div class=\"a-section a-spacing-none a-text-center aplus-title\">\n<p class=\"a-text-center aplus-title aplus-p2 a-text-bold\">Tastatur-Montagepfosten<\/p>\n<\/div>\n<\/th>\n<\/tr>\n<tr>\n<td class=\"comparison-column\">\n<p class=\"aplus-p3 a-text-bold\">Kompatibilit\u00e4t<\/p>\n<p class=\"aplus-p3\">Funktioniert speziell mit dem MWK20-Tastenfeld; Empfohlen f\u00fcr Bl\u00fctezeit-Tor\u00f6ffner.<\/p>\n<\/td>\n<td class=\"comparison-column\">\n<p class=\"aplus-p3 a-text-bold\">Kompatibilit\u00e4t<\/p>\n<p class=\"aplus-p3\">Universeller kabelgebundener Torzugang; am besten in Kombination mit Bl\u00fctezeit Tor\u00f6ffnern<\/p>\n<\/td>\n<td class=\"comparison-column\">\n<p class=\"aplus-p3 a-text-bold\">Kompatibilit\u00e4t<\/p>\n<p class=\"aplus-p3\">Universeller Montagest\u00e4nder; Ideal f\u00fcr Bl\u00fctezeit-Tastaturinstallationen.<\/p>\n<\/td>\n<\/tr>\n<tr>\n<td class=\"comparison-column\">\n<p class=\"aplus-p3 a-text-bold\">Funktionalit\u00e4t<\/p>\n<p class=\"aplus-p3\">Muss zuerst mit dem MWK20-Tastenfeld gekoppelt werden; erm\u00f6glicht schnellen und sicheren Zugriff<\/p>\n<\/td>\n<td class=\"comparison-column\">\n<p class=\"aplus-p3 a-text-bold\">Funktionalit\u00e4t<\/p>\n<p class=\"aplus-p3\">Unterst\u00fctzt 3 Zugriffsmodi \u2013 RFID-Karte, Karte + PIN oder nur PIN; Bis zu 2000 Benutzer.<\/p>\n<\/td>\n<td class=\"comparison-column\">\n<p class=\"aplus-p3 a-text-bold\">Funktionalit\u00e4t<\/p>\n<p class=\"aplus-p3\">Verstellbarer Schwanenhalsfu\u00df (23,6\u2033\u201347,2\u2033); Langlebig und witterungsbest\u00e4ndig.<\/p>\n<\/td>\n<\/tr>\n<\/tbody>\n<\/table>\n<\/div>\n<\/div>\n<\/div>","protected":false},"excerpt":{"rendered":"<p>125-kHz-RFID-Zugangskarte f\u00fcr das kabelgebundene Tastenfeld Bl\u00fctezeit MWK-20, die eine schnelle Ber\u00fchrungs\u00f6ffnung f\u00fcr Schiebe- und Drehtorantriebe erm\u00f6glicht.<\/p>","protected":false},"featured_media":1509,"comment_status":"open","ping_status":"closed","template":"","meta":[],"product_brand":[33],"product_cat":[22,24],"product_tag":[],"class_list":{"0":"post-1508","1":"product","2":"type-product","3":"status-publish","4":"has-post-thumbnail","6":"product_brand-blutezeit","7":"product_cat-accessories","8":"product_cat-remote-access-control","10":"first","11":"instock","12":"sale","13":"shipping-taxable","14":"purchasable","15":"product-type-simple"},"yoast_head":"<!-- This site is optimized with the Yoast SEO plugin v26.4 - https:\/\/yoast.com\/wordpress\/plugins\/seo\/ -->\n<title>Bl\u00fctezeit RFID Access Card for MWK-20 Wired Keypad - Bl\u00fctezeit<\/title>\n<meta name=\"robots\" content=\"index, follow, max-snippet:-1, max-image-preview:large, max-video-preview:-1\" \/>\n<link rel=\"canonical\" href=\"https:\/\/www.blutezeit.com\/de\/produkt\/mcd20-rfid-access-card-125khz-for-mwk20-wired-keypad\/\" \/>\n<meta property=\"og:locale\" content=\"de_DE\" \/>\n<meta property=\"og:type\" content=\"article\" \/>\n<meta property=\"og:title\" content=\"Bl\u00fctezeit RFID Access Card for MWK-20 Wired Keypad - Bl\u00fctezeit\" \/>\n<meta property=\"og:description\" content=\"125kHz RFID access card for Bl\u00fctezeit MWK-20 wired keypad, providing quick touch-to-open entry for sliding and swing gate openers\" \/>\n<meta property=\"og:url\" content=\"https:\/\/www.blutezeit.com\/de\/produkt\/mcd20-rfid-access-card-125khz-for-mwk20-wired-keypad\/\" \/>\n<meta property=\"og:site_name\" content=\"Bl\u00fctezeit\" \/>\n<meta property=\"article:modified_time\" content=\"2026-03-09T08:57:12+00:00\" \/>\n<meta property=\"og:image\" content=\"http:\/\/www.blutezeit.com\/wp-content\/uploads\/2025\/12\/Access-Card-for-Keypad-MWK-20-1-scaled.jpg\" \/>\n\t<meta property=\"og:image:width\" content=\"2560\" \/>\n\t<meta property=\"og:image:height\" content=\"2560\" \/>\n\t<meta property=\"og:image:type\" content=\"image\/jpeg\" \/>\n<meta name=\"twitter:card\" content=\"summary_large_image\" \/>\n<meta name=\"twitter:label1\" content=\"Gesch\u00e4tzte Lesezeit\" \/>\n\t<meta name=\"twitter:data1\" content=\"2\u00a0Minuten\" \/>\n<script type=\"application\/ld+json\" class=\"yoast-schema-graph\">{\"@context\":\"https:\/\/schema.org\",\"@graph\":[{\"@type\":\"WebPage\",\"@id\":\"https:\/\/www.blutezeit.com\/product\/mcd20-rfid-access-card-125khz-for-mwk20-wired-keypad\/\",\"url\":\"https:\/\/www.blutezeit.com\/product\/mcd20-rfid-access-card-125khz-for-mwk20-wired-keypad\/\",\"name\":\"Bl\u00fctezeit RFID Access Card for MWK-20 Wired Keypad - Bl\u00fctezeit\",\"isPartOf\":{\"@id\":\"https:\/\/www.blutezeit.com\/pt\/#website\"},\"primaryImageOfPage\":{\"@id\":\"https:\/\/www.blutezeit.com\/product\/mcd20-rfid-access-card-125khz-for-mwk20-wired-keypad\/#primaryimage\"},\"image\":{\"@id\":\"https:\/\/www.blutezeit.com\/product\/mcd20-rfid-access-card-125khz-for-mwk20-wired-keypad\/#primaryimage\"},\"thumbnailUrl\":\"https:\/\/www.blutezeit.com\/wp-content\/uploads\/2025\/12\/Access-Card-for-Keypad-MWK-20-1-scaled.jpg\",\"datePublished\":\"2025-12-29T09:11:07+00:00\",\"dateModified\":\"2026-03-09T08:57:12+00:00\",\"breadcrumb\":{\"@id\":\"https:\/\/www.blutezeit.com\/product\/mcd20-rfid-access-card-125khz-for-mwk20-wired-keypad\/#breadcrumb\"},\"inLanguage\":\"de\",\"potentialAction\":[{\"@type\":\"ReadAction\",\"target\":[\"https:\/\/www.blutezeit.com\/product\/mcd20-rfid-access-card-125khz-for-mwk20-wired-keypad\/\"]}]},{\"@type\":\"ImageObject\",\"inLanguage\":\"de\",\"@id\":\"https:\/\/www.blutezeit.com\/product\/mcd20-rfid-access-card-125khz-for-mwk20-wired-keypad\/#primaryimage\",\"url\":\"https:\/\/www.blutezeit.com\/wp-content\/uploads\/2025\/12\/Access-Card-for-Keypad-MWK-20-1-scaled.jpg\",\"contentUrl\":\"https:\/\/www.blutezeit.com\/wp-content\/uploads\/2025\/12\/Access-Card-for-Keypad-MWK-20-1-scaled.jpg\",\"width\":2560,\"height\":2560},{\"@type\":\"BreadcrumbList\",\"@id\":\"https:\/\/www.blutezeit.com\/product\/mcd20-rfid-access-card-125khz-for-mwk20-wired-keypad\/#breadcrumb\",\"itemListElement\":[{\"@type\":\"ListItem\",\"position\":1,\"name\":\"\u9996\u9875\",\"item\":\"https:\/\/www.blutezeit.com\/pt\/\"},{\"@type\":\"ListItem\",\"position\":2,\"name\":\"Product\",\"item\":\"https:\/\/www.blutezeit.com\/pt\/shop\/\"},{\"@type\":\"ListItem\",\"position\":3,\"name\":\"Bl\u00fctezeit RFID Access Card for MWK-20 Wired Keypad\"}]},{\"@type\":\"WebSite\",\"@id\":\"https:\/\/www.blutezeit.com\/pt\/#website\",\"url\":\"https:\/\/www.blutezeit.com\/pt\/\",\"name\":\"Bl\u00fctezeit\",\"description\":\"Smart &amp; Solar Gate Opener Systems\",\"potentialAction\":[{\"@type\":\"SearchAction\",\"target\":{\"@type\":\"EntryPoint\",\"urlTemplate\":\"https:\/\/www.blutezeit.com\/pt\/?s={search_term_string}\"},\"query-input\":{\"@type\":\"PropertyValueSpecification\",\"valueRequired\":true,\"valueName\":\"search_term_string\"}}],\"inLanguage\":\"de\"}]}<\/script>\n<!-- \/ Yoast SEO plugin. -->","yoast_head_json":{"title":"Bl\u00fctezeit RFID Access Card for MWK-20 Wired Keypad - Bl\u00fctezeit","robots":{"index":"index","follow":"follow","max-snippet":"max-snippet:-1","max-image-preview":"max-image-preview:large","max-video-preview":"max-video-preview:-1"},"canonical":"https:\/\/www.blutezeit.com\/de\/produkt\/mcd20-rfid-access-card-125khz-for-mwk20-wired-keypad\/","og_locale":"de_DE","og_type":"article","og_title":"Bl\u00fctezeit RFID Access Card for MWK-20 Wired Keypad - Bl\u00fctezeit","og_description":"125kHz RFID access card for Bl\u00fctezeit MWK-20 wired keypad, providing quick touch-to-open entry for sliding and swing gate openers","og_url":"https:\/\/www.blutezeit.com\/de\/produkt\/mcd20-rfid-access-card-125khz-for-mwk20-wired-keypad\/","og_site_name":"Bl\u00fctezeit","article_modified_time":"2026-03-09T08:57:12+00:00","og_image":[{"width":2560,"height":2560,"url":"http:\/\/www.blutezeit.com\/wp-content\/uploads\/2025\/12\/Access-Card-for-Keypad-MWK-20-1-scaled.jpg","type":"image\/jpeg"}],"twitter_card":"summary_large_image","twitter_misc":{"Gesch\u00e4tzte Lesezeit":"2\u00a0Minuten"},"schema":{"@context":"https:\/\/schema.org","@graph":[{"@type":"WebPage","@id":"https:\/\/www.blutezeit.com\/product\/mcd20-rfid-access-card-125khz-for-mwk20-wired-keypad\/","url":"https:\/\/www.blutezeit.com\/product\/mcd20-rfid-access-card-125khz-for-mwk20-wired-keypad\/","name":"Bl\u00fctezeit RFID Access Card for MWK-20 Wired Keypad - Bl\u00fctezeit","isPartOf":{"@id":"https:\/\/www.blutezeit.com\/pt\/#website"},"primaryImageOfPage":{"@id":"https:\/\/www.blutezeit.com\/product\/mcd20-rfid-access-card-125khz-for-mwk20-wired-keypad\/#primaryimage"},"image":{"@id":"https:\/\/www.blutezeit.com\/product\/mcd20-rfid-access-card-125khz-for-mwk20-wired-keypad\/#primaryimage"},"thumbnailUrl":"https:\/\/www.blutezeit.com\/wp-content\/uploads\/2025\/12\/Access-Card-for-Keypad-MWK-20-1-scaled.jpg","datePublished":"2025-12-29T09:11:07+00:00","dateModified":"2026-03-09T08:57:12+00:00","breadcrumb":{"@id":"https:\/\/www.blutezeit.com\/product\/mcd20-rfid-access-card-125khz-for-mwk20-wired-keypad\/#breadcrumb"},"inLanguage":"de","potentialAction":[{"@type":"ReadAction","target":["https:\/\/www.blutezeit.com\/product\/mcd20-rfid-access-card-125khz-for-mwk20-wired-keypad\/"]}]},{"@type":"ImageObject","inLanguage":"de","@id":"https:\/\/www.blutezeit.com\/product\/mcd20-rfid-access-card-125khz-for-mwk20-wired-keypad\/#primaryimage","url":"https:\/\/www.blutezeit.com\/wp-content\/uploads\/2025\/12\/Access-Card-for-Keypad-MWK-20-1-scaled.jpg","contentUrl":"https:\/\/www.blutezeit.com\/wp-content\/uploads\/2025\/12\/Access-Card-for-Keypad-MWK-20-1-scaled.jpg","width":2560,"height":2560},{"@type":"BreadcrumbList","@id":"https:\/\/www.blutezeit.com\/product\/mcd20-rfid-access-card-125khz-for-mwk20-wired-keypad\/#breadcrumb","itemListElement":[{"@type":"ListItem","position":1,"name":"\u9996\u9875","item":"https:\/\/www.blutezeit.com\/pt\/"},{"@type":"ListItem","position":2,"name":"Product","item":"https:\/\/www.blutezeit.com\/pt\/shop\/"},{"@type":"ListItem","position":3,"name":"Bl\u00fctezeit RFID Access Card for MWK-20 Wired Keypad"}]},{"@type":"WebSite","@id":"https:\/\/www.blutezeit.com\/pt\/#website","url":"https:\/\/www.blutezeit.com\/pt\/","name":"Bl\u00fctezeit","description":"Intelligente und solare Tor\u00f6ffnersysteme","potentialAction":[{"@type":"SearchAction","target":{"@type":"EntryPoint","urlTemplate":"https:\/\/www.blutezeit.com\/pt\/?s={search_term_string}"},"query-input":{"@type":"PropertyValueSpecification","valueRequired":true,"valueName":"search_term_string"}}],"inLanguage":"de"}]}},"_links":{"self":[{"href":"https:\/\/www.blutezeit.com\/de\/wp-json\/wp\/v2\/product\/1508","targetHints":{"allow":["GET"]}}],"collection":[{"href":"https:\/\/www.blutezeit.com\/de\/wp-json\/wp\/v2\/product"}],"about":[{"href":"https:\/\/www.blutezeit.com\/de\/wp-json\/wp\/v2\/types\/product"}],"replies":[{"embeddable":true,"href":"https:\/\/www.blutezeit.com\/de\/wp-json\/wp\/v2\/comments?post=1508"}],"wp:featuredmedia":[{"embeddable":true,"href":"https:\/\/www.blutezeit.com\/de\/wp-json\/wp\/v2\/media\/1509"}],"wp:attachment":[{"href":"https:\/\/www.blutezeit.com\/de\/wp-json\/wp\/v2\/media?parent=1508"}],"wp:term":[{"taxonomy":"product_brand","embeddable":true,"href":"https:\/\/www.blutezeit.com\/de\/wp-json\/wp\/v2\/product_brand?post=1508"},{"taxonomy":"product_cat","embeddable":true,"href":"https:\/\/www.blutezeit.com\/de\/wp-json\/wp\/v2\/product_cat?post=1508"},{"taxonomy":"product_tag","embeddable":true,"href":"https:\/\/www.blutezeit.com\/de\/wp-json\/wp\/v2\/product_tag?post=1508"}],"curies":[{"name":"wp","href":"https:\/\/api.w.org\/{rel}","templated":true}]}}