{"id":1061,"date":"2025-11-17T03:33:57","date_gmt":"2025-11-17T03:33:57","guid":{"rendered":"https:\/\/www.blutezeit.com\/?post_type=product&#038;p=1061"},"modified":"2026-03-18T05:23:19","modified_gmt":"2026-03-18T05:23:19","slug":"mwf20-wifi-module-ms-series-smart-home","status":"publish","type":"product","link":"https:\/\/www.blutezeit.com\/de\/produkt\/mwf20-wifi-module-ms-series-smart-home\/","title":{"rendered":"WLAN-Modul f\u00fcr MS-Serie"},"content":{"rendered":"<ul class=\"a-unordered-list a-vertical a-spacing-mini\">\n<li class=\"a-spacing-mini\"><span class=\"a-list-item\">\ud83d\udcf1 Intelligente WLAN-Steuerung per eWeLink-App \u2013 Steuern Sie Ihren Drehtor\u00f6ffner der MS-Serie bequem per eWeLink-App. Die App unterst\u00fctzt die vollst\u00e4ndige Smart-Home-Integration mit Alexa, Google Home, IFTTT und weiteren Systemen. HINWEIS: Die App-Oberfl\u00e4che erm\u00f6glicht lediglich die Steuerung des \u00d6ffnungs-\/Stopp-\/Schlie\u00dfzyklus und zeigt die aktuelle Torposition nicht an.<\/span><\/li>\n<li class=\"a-spacing-mini\"><span class=\"a-list-item\">\ud83d\udcf1 Stabile Kabelverbindung f\u00fcr zuverl\u00e4ssige Leistung \u2013 Das WLAN-Modul ist \u00fcber Kabelanschl\u00fcsse direkt mit der Steuereinheit verbunden und gew\u00e4hrleistet so schnelle Reaktionszeiten, sicheren Betrieb und minimale Verz\u00f6gerungen. Ideal f\u00fcr lange Einfahrten und um Familie oder G\u00e4sten Fernzugriff zu gew\u00e4hren.<\/span><\/li>\n<li class=\"a-spacing-mini\"><span class=\"a-list-item\">\ud83d\udcf1 Speziell f\u00fcr die Torantriebe MS600 und MS650 entwickelt \u2013 MS600: Kanal 1 = Einzelknopfbetrieb; Kanal 2 = inaktiv. MS650: Kanal 1 = Einzelknopfbetrieb; Kanal 2 = Fu\u00dfg\u00e4ngermodus (nur ein Torfl\u00fcgel). Bei Bedarf kann das System durch \u00c4ndern der Betriebslogik (oL) der Steuereinheit auf \u201c\u00d6ffnen\/Schlie\u00dfen\u201d (OC) umgeschaltet werden.<\/span><\/li>\n<li class=\"a-spacing-mini\"><span class=\"a-list-item\">\ud83d\udcf1 Nur 2,4-GHz-WLAN (keine 5-GHz-Unterst\u00fctzung) \u2013 Funktioniert ausschlie\u00dflich in 2,4-GHz-Netzwerken. Die meisten Heimrouter senden beide Frequenzb\u00e4nder; verbinden Sie Ihr Smartphone w\u00e4hrend der Ger\u00e4tekopplung mit dem 2,4-GHz-Band. Haupts\u00e4chlich f\u00fcr die MS-Serie entwickelt, aber auch kompatibel mit vielen AC\/DC-Tor\u00f6ffnern von Drittanbietern, die einen potentialfreien Kontakt verwenden.<\/span><\/li>\n<li class=\"a-spacing-mini\"><span class=\"a-list-item\">\ud83d\udcf1 Intelligentes Upgrade f\u00fcr MS-Torantriebe \u2013 Erm\u00f6glicht die komfortable Steuerung per App und Sprachassistent f\u00fcr MS-Antriebe und andere kompatible Torantriebe. Eine einfache, kabelgebundene Niederspannungsinstallation sorgt f\u00fcr intelligente Automatisierung Ihrer Einfahrt \u2013 ohne Kompromisse bei der Zuverl\u00e4ssigkeit.<\/span><\/li>\n<\/ul>\n<div class=\"celwidget aplus-module premium-module-2-fullbackground-image aplus-premium\" data-csa-c-id=\"da3epj-6orrsb-n08ku-r4tvyr\" data-cel-widget=\"aplus-premium-module-2-fullbackground-image\">\n<div class=\"a-section a-spacing-none premium-aplus premium-aplus-module-2\">\n<h2 class=\"a-text-center aplus-container-3 aplus-h1 a-text-bold\">Intelligentes WLAN-Modul \u2013 Fernzugriff und Automatisierung per App<\/h2>\n<div class=\"a-section a-spacing-none premium-background-wrapper\">\n<div class=\"a-section a-spacing-none background-image\"><img decoding=\"async\" class=\"\" src=\"https:\/\/m.media-amazon.com\/images\/S\/aplus-media-library-service-media\/14adc6cf-9315-494e-a05d-d2296f7c65eb.__CR0,0,1464,600_PT0_SX1464_V1___.jpg\" alt=\"Smart WiFi Module for MS600\/MS650 Swing Gate Openers \u2013 App Control &amp;amp;amp; Remote Access\" data-src=\"https:\/\/m.media-amazon.com\/images\/S\/aplus-media-library-service-media\/14adc6cf-9315-494e-a05d-d2296f7c65eb.__CR0,0,1464,600_PT0_SX1464_V1___.jpg\" \/><\/div>\n<\/div>\n<div class=\"a-section a-text-center\"><\/div>\n<\/div>\n<\/div>\n<div class=\"celwidget aplus-module premium-module-2-fullbackground-image aplus-premium\" data-csa-c-id=\"pgfu6e-4lfyz9-qo102-lfo58g\" data-cel-widget=\"aplus-premium-module-2-fullbackground-image\">\n<div class=\"a-section a-spacing-none premium-aplus premium-aplus-module-2\">\n<h2 class=\"a-text-center aplus-container-3 aplus-h1 a-text-bold\">Kompatibel mit MS600\/MS650 Drehtor\u00f6ffnern<\/h2>\n<div class=\"a-section a-spacing-none premium-background-wrapper\">\n<div class=\"a-section a-spacing-none background-image\"><img decoding=\"async\" class=\"\" src=\"https:\/\/m.media-amazon.com\/images\/S\/aplus-media-library-service-media\/ae8689f6-2fe9-49a7-ab9f-ba976d11bf9b.__CR0,0,1464,600_PT0_SX1464_V1___.jpg\" alt=\"Smart WiFi Module for MS Series Swing Gate Openers (MS600\/MS650) \u2013 App-Based Remote Control\" data-src=\"https:\/\/m.media-amazon.com\/images\/S\/aplus-media-library-service-media\/ae8689f6-2fe9-49a7-ab9f-ba976d11bf9b.__CR0,0,1464,600_PT0_SX1464_V1___.jpg\" \/><\/div>\n<\/div>\n<\/div>\n<\/div>","protected":false},"excerpt":{"rendered":"<p>WLAN-Modul f\u00fcr MS-Drehtor\u00f6ffner, unterst\u00fctzt Alexa\/Google\/Siri<\/p>","protected":false},"featured_media":1065,"comment_status":"open","ping_status":"closed","template":"","meta":[],"product_brand":[33],"product_cat":[79,22],"product_tag":[],"class_list":{"0":"post-1061","1":"product","2":"type-product","3":"status-publish","4":"has-post-thumbnail","6":"product_brand-blutezeit","7":"product_cat-smart-module-automation-control","8":"product_cat-accessories","10":"first","11":"instock","12":"shipping-taxable","13":"purchasable","14":"product-type-simple"},"yoast_head":"<!-- This site is optimized with the Yoast SEO plugin v26.4 - https:\/\/yoast.com\/wordpress\/plugins\/seo\/ -->\n<title>WiFi Module for MS Series - Bl\u00fctezeit<\/title>\n<meta name=\"robots\" content=\"index, follow, max-snippet:-1, max-image-preview:large, max-video-preview:-1\" \/>\n<link rel=\"canonical\" href=\"https:\/\/www.blutezeit.com\/de\/produkt\/mwf20-wifi-module-ms-series-smart-home\/\" \/>\n<meta property=\"og:locale\" content=\"de_DE\" \/>\n<meta property=\"og:type\" content=\"article\" \/>\n<meta property=\"og:title\" content=\"WiFi Module for MS Series - Bl\u00fctezeit\" \/>\n<meta property=\"og:description\" content=\"WiFi module for MS swing gate openers, supports Alexa\/Google\/Siri\" \/>\n<meta property=\"og:url\" content=\"https:\/\/www.blutezeit.com\/de\/produkt\/mwf20-wifi-module-ms-series-smart-home\/\" \/>\n<meta property=\"og:site_name\" content=\"Bl\u00fctezeit\" \/>\n<meta property=\"article:modified_time\" content=\"2026-03-18T05:23:19+00:00\" \/>\n<meta property=\"og:image\" content=\"http:\/\/www.blutezeit.com\/wp-content\/uploads\/2025\/11\/WiFi-Module-for-MS-Swing-Gate-Openers-1-scaled.jpg\" \/>\n\t<meta property=\"og:image:width\" content=\"2560\" \/>\n\t<meta property=\"og:image:height\" content=\"2560\" \/>\n\t<meta property=\"og:image:type\" content=\"image\/jpeg\" \/>\n<meta name=\"twitter:card\" content=\"summary_large_image\" \/>\n<meta name=\"twitter:label1\" content=\"Gesch\u00e4tzte Lesezeit\" \/>\n\t<meta name=\"twitter:data1\" content=\"2\u00a0Minuten\" \/>\n<script type=\"application\/ld+json\" class=\"yoast-schema-graph\">{\"@context\":\"https:\/\/schema.org\",\"@graph\":[{\"@type\":\"WebPage\",\"@id\":\"https:\/\/www.blutezeit.com\/product\/mwf20-wifi-module-ms-series-smart-home\/\",\"url\":\"https:\/\/www.blutezeit.com\/product\/mwf20-wifi-module-ms-series-smart-home\/\",\"name\":\"WiFi Module for MS Series - Bl\u00fctezeit\",\"isPartOf\":{\"@id\":\"https:\/\/www.blutezeit.com\/pt\/#website\"},\"primaryImageOfPage\":{\"@id\":\"https:\/\/www.blutezeit.com\/product\/mwf20-wifi-module-ms-series-smart-home\/#primaryimage\"},\"image\":{\"@id\":\"https:\/\/www.blutezeit.com\/product\/mwf20-wifi-module-ms-series-smart-home\/#primaryimage\"},\"thumbnailUrl\":\"https:\/\/www.blutezeit.com\/wp-content\/uploads\/2025\/11\/WiFi-Module-for-MS-Swing-Gate-Openers-1-scaled.jpg\",\"datePublished\":\"2025-11-17T03:33:57+00:00\",\"dateModified\":\"2026-03-18T05:23:19+00:00\",\"breadcrumb\":{\"@id\":\"https:\/\/www.blutezeit.com\/product\/mwf20-wifi-module-ms-series-smart-home\/#breadcrumb\"},\"inLanguage\":\"de\",\"potentialAction\":[{\"@type\":\"ReadAction\",\"target\":[\"https:\/\/www.blutezeit.com\/product\/mwf20-wifi-module-ms-series-smart-home\/\"]}]},{\"@type\":\"ImageObject\",\"inLanguage\":\"de\",\"@id\":\"https:\/\/www.blutezeit.com\/product\/mwf20-wifi-module-ms-series-smart-home\/#primaryimage\",\"url\":\"https:\/\/www.blutezeit.com\/wp-content\/uploads\/2025\/11\/WiFi-Module-for-MS-Swing-Gate-Openers-1-scaled.jpg\",\"contentUrl\":\"https:\/\/www.blutezeit.com\/wp-content\/uploads\/2025\/11\/WiFi-Module-for-MS-Swing-Gate-Openers-1-scaled.jpg\",\"width\":2560,\"height\":2560},{\"@type\":\"BreadcrumbList\",\"@id\":\"https:\/\/www.blutezeit.com\/product\/mwf20-wifi-module-ms-series-smart-home\/#breadcrumb\",\"itemListElement\":[{\"@type\":\"ListItem\",\"position\":1,\"name\":\"\u9996\u9875\",\"item\":\"https:\/\/www.blutezeit.com\/pt\/\"},{\"@type\":\"ListItem\",\"position\":2,\"name\":\"Product\",\"item\":\"https:\/\/www.blutezeit.com\/pt\/shop\/\"},{\"@type\":\"ListItem\",\"position\":3,\"name\":\"WiFi Module for MS Series\"}]},{\"@type\":\"WebSite\",\"@id\":\"https:\/\/www.blutezeit.com\/pt\/#website\",\"url\":\"https:\/\/www.blutezeit.com\/pt\/\",\"name\":\"Bl\u00fctezeit\",\"description\":\"Smart &amp; Solar Gate Opener Systems\",\"potentialAction\":[{\"@type\":\"SearchAction\",\"target\":{\"@type\":\"EntryPoint\",\"urlTemplate\":\"https:\/\/www.blutezeit.com\/pt\/?s={search_term_string}\"},\"query-input\":{\"@type\":\"PropertyValueSpecification\",\"valueRequired\":true,\"valueName\":\"search_term_string\"}}],\"inLanguage\":\"de\"}]}<\/script>\n<!-- \/ Yoast SEO plugin. -->","yoast_head_json":{"title":"WiFi Module for MS Series - Bl\u00fctezeit","robots":{"index":"index","follow":"follow","max-snippet":"max-snippet:-1","max-image-preview":"max-image-preview:large","max-video-preview":"max-video-preview:-1"},"canonical":"https:\/\/www.blutezeit.com\/de\/produkt\/mwf20-wifi-module-ms-series-smart-home\/","og_locale":"de_DE","og_type":"article","og_title":"WiFi Module for MS Series - Bl\u00fctezeit","og_description":"WiFi module for MS swing gate openers, supports Alexa\/Google\/Siri","og_url":"https:\/\/www.blutezeit.com\/de\/produkt\/mwf20-wifi-module-ms-series-smart-home\/","og_site_name":"Bl\u00fctezeit","article_modified_time":"2026-03-18T05:23:19+00:00","og_image":[{"width":2560,"height":2560,"url":"http:\/\/www.blutezeit.com\/wp-content\/uploads\/2025\/11\/WiFi-Module-for-MS-Swing-Gate-Openers-1-scaled.jpg","type":"image\/jpeg"}],"twitter_card":"summary_large_image","twitter_misc":{"Gesch\u00e4tzte Lesezeit":"2\u00a0Minuten"},"schema":{"@context":"https:\/\/schema.org","@graph":[{"@type":"WebPage","@id":"https:\/\/www.blutezeit.com\/product\/mwf20-wifi-module-ms-series-smart-home\/","url":"https:\/\/www.blutezeit.com\/product\/mwf20-wifi-module-ms-series-smart-home\/","name":"WiFi Module for MS Series - Bl\u00fctezeit","isPartOf":{"@id":"https:\/\/www.blutezeit.com\/pt\/#website"},"primaryImageOfPage":{"@id":"https:\/\/www.blutezeit.com\/product\/mwf20-wifi-module-ms-series-smart-home\/#primaryimage"},"image":{"@id":"https:\/\/www.blutezeit.com\/product\/mwf20-wifi-module-ms-series-smart-home\/#primaryimage"},"thumbnailUrl":"https:\/\/www.blutezeit.com\/wp-content\/uploads\/2025\/11\/WiFi-Module-for-MS-Swing-Gate-Openers-1-scaled.jpg","datePublished":"2025-11-17T03:33:57+00:00","dateModified":"2026-03-18T05:23:19+00:00","breadcrumb":{"@id":"https:\/\/www.blutezeit.com\/product\/mwf20-wifi-module-ms-series-smart-home\/#breadcrumb"},"inLanguage":"de","potentialAction":[{"@type":"ReadAction","target":["https:\/\/www.blutezeit.com\/product\/mwf20-wifi-module-ms-series-smart-home\/"]}]},{"@type":"ImageObject","inLanguage":"de","@id":"https:\/\/www.blutezeit.com\/product\/mwf20-wifi-module-ms-series-smart-home\/#primaryimage","url":"https:\/\/www.blutezeit.com\/wp-content\/uploads\/2025\/11\/WiFi-Module-for-MS-Swing-Gate-Openers-1-scaled.jpg","contentUrl":"https:\/\/www.blutezeit.com\/wp-content\/uploads\/2025\/11\/WiFi-Module-for-MS-Swing-Gate-Openers-1-scaled.jpg","width":2560,"height":2560},{"@type":"BreadcrumbList","@id":"https:\/\/www.blutezeit.com\/product\/mwf20-wifi-module-ms-series-smart-home\/#breadcrumb","itemListElement":[{"@type":"ListItem","position":1,"name":"\u9996\u9875","item":"https:\/\/www.blutezeit.com\/pt\/"},{"@type":"ListItem","position":2,"name":"Product","item":"https:\/\/www.blutezeit.com\/pt\/shop\/"},{"@type":"ListItem","position":3,"name":"WiFi Module for MS Series"}]},{"@type":"WebSite","@id":"https:\/\/www.blutezeit.com\/pt\/#website","url":"https:\/\/www.blutezeit.com\/pt\/","name":"Bl\u00fctezeit","description":"Intelligente und solare Tor\u00f6ffnersysteme","potentialAction":[{"@type":"SearchAction","target":{"@type":"EntryPoint","urlTemplate":"https:\/\/www.blutezeit.com\/pt\/?s={search_term_string}"},"query-input":{"@type":"PropertyValueSpecification","valueRequired":true,"valueName":"search_term_string"}}],"inLanguage":"de"}]}},"_links":{"self":[{"href":"https:\/\/www.blutezeit.com\/de\/wp-json\/wp\/v2\/product\/1061","targetHints":{"allow":["GET"]}}],"collection":[{"href":"https:\/\/www.blutezeit.com\/de\/wp-json\/wp\/v2\/product"}],"about":[{"href":"https:\/\/www.blutezeit.com\/de\/wp-json\/wp\/v2\/types\/product"}],"replies":[{"embeddable":true,"href":"https:\/\/www.blutezeit.com\/de\/wp-json\/wp\/v2\/comments?post=1061"}],"wp:featuredmedia":[{"embeddable":true,"href":"https:\/\/www.blutezeit.com\/de\/wp-json\/wp\/v2\/media\/1065"}],"wp:attachment":[{"href":"https:\/\/www.blutezeit.com\/de\/wp-json\/wp\/v2\/media?parent=1061"}],"wp:term":[{"taxonomy":"product_brand","embeddable":true,"href":"https:\/\/www.blutezeit.com\/de\/wp-json\/wp\/v2\/product_brand?post=1061"},{"taxonomy":"product_cat","embeddable":true,"href":"https:\/\/www.blutezeit.com\/de\/wp-json\/wp\/v2\/product_cat?post=1061"},{"taxonomy":"product_tag","embeddable":true,"href":"https:\/\/www.blutezeit.com\/de\/wp-json\/wp\/v2\/product_tag?post=1061"}],"curies":[{"name":"wp","href":"https:\/\/api.w.org\/{rel}","templated":true}]}}