{"id":1043,"date":"2025-11-17T02:02:32","date_gmt":"2025-11-17T02:02:32","guid":{"rendered":"https:\/\/www.blutezeit.com\/?post_type=product&#038;p=1043"},"modified":"2026-03-20T14:35:09","modified_gmt":"2026-03-20T14:35:09","slug":"mex50-vehicle-exit-wand-sensor-50ft-gate-opener","status":"publish","type":"product","link":"https:\/\/www.blutezeit.com\/de\/produkt\/mex50-vehicle-exit-wand-sensor-50ft-gate-opener\/","title":{"rendered":"Ausfahrtsensor f\u00fcr Fahrzeuge am Tor"},"content":{"rendered":"<div class=\"celwidget aplus-module premium-module-2-fullbackground-image aplus-premium\" data-csa-c-id=\"797vns-ailor5-9pwy1z-hcns6c\" data-cel-widget=\"aplus-premium-module-2-fullbackground-image\">\n<div class=\"a-section a-spacing-none premium-aplus premium-aplus-module-2\">\n<h4 class=\"a-text-center aplus-container-3 aplus-h1 a-text-bold\">Bl\u00fctezeit Fahrzeugausgangssensor mit Wandsensor \u2013 Ber\u00fchrungslose L\u00f6sung f\u00fcr automatische Tore<\/h4>\n<div class=\"a-section a-spacing-none premium-background-wrapper\">\n<div class=\"a-section a-spacing-none background-image\"><img decoding=\"async\" class=\"\" src=\"https:\/\/m.media-amazon.com\/images\/S\/aplus-media-library-service-media\/8f7ddb69-f2c9-4749-9067-8bb59338e78e.__CR0,0,1464,600_PT0_SX1464_V1___.jpg\" alt=\"Detects vehicles 3\u20135 mph within 10\u201315 ft range for accurate exit gate activation\" data-src=\"https:\/\/m.media-amazon.com\/images\/S\/aplus-media-library-service-media\/8f7ddb69-f2c9-4749-9067-8bb59338e78e.__CR0,0,1464,600_PT0_SX1464_V1___.jpg\" \/><\/div>\n<\/div>\n<div class=\"a-section a-text-center\"><\/div>\n<\/div>\n<\/div>\n<div class=\"celwidget aplus-module premium-module-2-fullbackground-image aplus-premium\" data-csa-c-id=\"sriwb1-wizyaf-cywfpl-kvfbg\" data-cel-widget=\"aplus-premium-module-2-fullbackground-image\">\n<div class=\"a-section a-spacing-none premium-aplus premium-aplus-module-2\">\n<div class=\"a-section a-spacing-none premium-background-wrapper\">\n<div class=\"a-section a-spacing-none background-image\"><img decoding=\"async\" class=\"\" src=\"https:\/\/m.media-amazon.com\/images\/S\/aplus-media-library-service-media\/7cb063fd-00aa-4892-8b48-42713d36df62.__CR0,0,1464,600_PT0_SX1464_V1___.jpg\" alt=\"Activates for cars and bikes only \u2014 ignores humans, animals, and carts\" data-src=\"https:\/\/m.media-amazon.com\/images\/S\/aplus-media-library-service-media\/7cb063fd-00aa-4892-8b48-42713d36df62.__CR0,0,1464,600_PT0_SX1464_V1___.jpg\" \/><\/div>\n<\/div>\n<div class=\"a-section a-text-center\"><\/div>\n<\/div>\n<\/div>\n<div class=\"celwidget aplus-module premium-module-2-fullbackground-image aplus-premium\" data-csa-c-id=\"cz9ji4-4q9fno-ibt2x0-89ez6l\" data-cel-widget=\"aplus-premium-module-2-fullbackground-image\">\n<div class=\"a-section a-spacing-none premium-aplus premium-aplus-module-2\">\n<div class=\"a-section a-spacing-none premium-background-wrapper\">\n<div class=\"a-section a-spacing-none background-image\"><img decoding=\"async\" class=\"\" src=\"https:\/\/m.media-amazon.com\/images\/S\/aplus-media-library-service-media\/67f45946-4d0f-41d0-a6fb-f7a989e4c020.__CR0,0,1464,600_PT0_SX1464_V1___.jpg\" alt=\"Bl\u00fctezeit Vehicle Exit Wand Sensor\" data-src=\"https:\/\/m.media-amazon.com\/images\/S\/aplus-media-library-service-media\/67f45946-4d0f-41d0-a6fb-f7a989e4c020.__CR0,0,1464,600_PT0_SX1464_V1___.jpg\" \/><\/div>\n<\/div>\n<\/div>\n<\/div>","protected":false},"excerpt":{"rendered":"<p>50 Fu\u00df langes Kabel, Ausfahrtssensor f\u00fcr automatische Torantriebe, kompatibel mit Schiebetorantrieben<\/p>","protected":false},"featured_media":1044,"comment_status":"open","ping_status":"closed","template":"","meta":[],"product_brand":[33],"product_cat":[22,23],"product_tag":[],"class_list":{"0":"post-1043","1":"product","2":"type-product","3":"status-publish","4":"has-post-thumbnail","6":"product_brand-blutezeit","7":"product_cat-accessories","8":"product_cat-safety-vehicle-detection-sensor","10":"first","11":"instock","12":"sale","13":"shipping-taxable","14":"purchasable","15":"product-type-simple"},"yoast_head":"<!-- This site is optimized with the Yoast SEO plugin v26.4 - https:\/\/yoast.com\/wordpress\/plugins\/seo\/ -->\n<title>Gate Vehicle Exit Wand Sensor - Bl\u00fctezeit<\/title>\n<meta name=\"robots\" content=\"index, follow, max-snippet:-1, max-image-preview:large, max-video-preview:-1\" \/>\n<link rel=\"canonical\" href=\"https:\/\/www.blutezeit.com\/de\/produkt\/mex50-vehicle-exit-wand-sensor-50ft-gate-opener\/\" \/>\n<meta property=\"og:locale\" content=\"de_DE\" \/>\n<meta property=\"og:type\" content=\"article\" \/>\n<meta property=\"og:title\" content=\"Gate Vehicle Exit Wand Sensor - Bl\u00fctezeit\" \/>\n<meta property=\"og:description\" content=\"50ft cable driveway vehicle exit wand sensor for automatic gate openers, compatible with sliding gate motors\" \/>\n<meta property=\"og:url\" content=\"https:\/\/www.blutezeit.com\/de\/produkt\/mex50-vehicle-exit-wand-sensor-50ft-gate-opener\/\" \/>\n<meta property=\"og:site_name\" content=\"Bl\u00fctezeit\" \/>\n<meta property=\"article:modified_time\" content=\"2026-03-20T14:35:09+00:00\" \/>\n<meta property=\"og:image\" content=\"http:\/\/www.blutezeit.com\/wp-content\/uploads\/2025\/11\/Blutezeit-Exit-Wand-for-Gate-Openers-1-scaled.jpg\" \/>\n\t<meta property=\"og:image:width\" content=\"2560\" \/>\n\t<meta property=\"og:image:height\" content=\"2560\" \/>\n\t<meta property=\"og:image:type\" content=\"image\/jpeg\" \/>\n<meta name=\"twitter:card\" content=\"summary_large_image\" \/>\n<meta name=\"twitter:label1\" content=\"Gesch\u00e4tzte Lesezeit\" \/>\n\t<meta name=\"twitter:data1\" content=\"1\u00a0Minute\" \/>\n<script type=\"application\/ld+json\" class=\"yoast-schema-graph\">{\"@context\":\"https:\/\/schema.org\",\"@graph\":[{\"@type\":\"WebPage\",\"@id\":\"https:\/\/www.blutezeit.com\/product\/mex50-vehicle-exit-wand-sensor-50ft-gate-opener\/\",\"url\":\"https:\/\/www.blutezeit.com\/product\/mex50-vehicle-exit-wand-sensor-50ft-gate-opener\/\",\"name\":\"Gate Vehicle Exit Wand Sensor - Bl\u00fctezeit\",\"isPartOf\":{\"@id\":\"https:\/\/www.blutezeit.com\/pt\/#website\"},\"primaryImageOfPage\":{\"@id\":\"https:\/\/www.blutezeit.com\/product\/mex50-vehicle-exit-wand-sensor-50ft-gate-opener\/#primaryimage\"},\"image\":{\"@id\":\"https:\/\/www.blutezeit.com\/product\/mex50-vehicle-exit-wand-sensor-50ft-gate-opener\/#primaryimage\"},\"thumbnailUrl\":\"https:\/\/www.blutezeit.com\/wp-content\/uploads\/2025\/11\/Blutezeit-Exit-Wand-for-Gate-Openers-1-scaled.jpg\",\"datePublished\":\"2025-11-17T02:02:32+00:00\",\"dateModified\":\"2026-03-20T14:35:09+00:00\",\"breadcrumb\":{\"@id\":\"https:\/\/www.blutezeit.com\/product\/mex50-vehicle-exit-wand-sensor-50ft-gate-opener\/#breadcrumb\"},\"inLanguage\":\"de\",\"potentialAction\":[{\"@type\":\"ReadAction\",\"target\":[\"https:\/\/www.blutezeit.com\/product\/mex50-vehicle-exit-wand-sensor-50ft-gate-opener\/\"]}]},{\"@type\":\"ImageObject\",\"inLanguage\":\"de\",\"@id\":\"https:\/\/www.blutezeit.com\/product\/mex50-vehicle-exit-wand-sensor-50ft-gate-opener\/#primaryimage\",\"url\":\"https:\/\/www.blutezeit.com\/wp-content\/uploads\/2025\/11\/Blutezeit-Exit-Wand-for-Gate-Openers-1-scaled.jpg\",\"contentUrl\":\"https:\/\/www.blutezeit.com\/wp-content\/uploads\/2025\/11\/Blutezeit-Exit-Wand-for-Gate-Openers-1-scaled.jpg\",\"width\":2560,\"height\":2560},{\"@type\":\"BreadcrumbList\",\"@id\":\"https:\/\/www.blutezeit.com\/product\/mex50-vehicle-exit-wand-sensor-50ft-gate-opener\/#breadcrumb\",\"itemListElement\":[{\"@type\":\"ListItem\",\"position\":1,\"name\":\"\u9996\u9875\",\"item\":\"https:\/\/www.blutezeit.com\/pt\/\"},{\"@type\":\"ListItem\",\"position\":2,\"name\":\"Product\",\"item\":\"https:\/\/www.blutezeit.com\/pt\/shop\/\"},{\"@type\":\"ListItem\",\"position\":3,\"name\":\"Gate Vehicle Exit Wand Sensor\"}]},{\"@type\":\"WebSite\",\"@id\":\"https:\/\/www.blutezeit.com\/pt\/#website\",\"url\":\"https:\/\/www.blutezeit.com\/pt\/\",\"name\":\"Bl\u00fctezeit\",\"description\":\"Smart &amp; Solar Gate Opener Systems\",\"potentialAction\":[{\"@type\":\"SearchAction\",\"target\":{\"@type\":\"EntryPoint\",\"urlTemplate\":\"https:\/\/www.blutezeit.com\/pt\/?s={search_term_string}\"},\"query-input\":{\"@type\":\"PropertyValueSpecification\",\"valueRequired\":true,\"valueName\":\"search_term_string\"}}],\"inLanguage\":\"de\"}]}<\/script>\n<!-- \/ Yoast SEO plugin. -->","yoast_head_json":{"title":"Gate Vehicle Exit Wand Sensor - Bl\u00fctezeit","robots":{"index":"index","follow":"follow","max-snippet":"max-snippet:-1","max-image-preview":"max-image-preview:large","max-video-preview":"max-video-preview:-1"},"canonical":"https:\/\/www.blutezeit.com\/de\/produkt\/mex50-vehicle-exit-wand-sensor-50ft-gate-opener\/","og_locale":"de_DE","og_type":"article","og_title":"Gate Vehicle Exit Wand Sensor - Bl\u00fctezeit","og_description":"50ft cable driveway vehicle exit wand sensor for automatic gate openers, compatible with sliding gate motors","og_url":"https:\/\/www.blutezeit.com\/de\/produkt\/mex50-vehicle-exit-wand-sensor-50ft-gate-opener\/","og_site_name":"Bl\u00fctezeit","article_modified_time":"2026-03-20T14:35:09+00:00","og_image":[{"width":2560,"height":2560,"url":"http:\/\/www.blutezeit.com\/wp-content\/uploads\/2025\/11\/Blutezeit-Exit-Wand-for-Gate-Openers-1-scaled.jpg","type":"image\/jpeg"}],"twitter_card":"summary_large_image","twitter_misc":{"Gesch\u00e4tzte Lesezeit":"1\u00a0Minute"},"schema":{"@context":"https:\/\/schema.org","@graph":[{"@type":"WebPage","@id":"https:\/\/www.blutezeit.com\/product\/mex50-vehicle-exit-wand-sensor-50ft-gate-opener\/","url":"https:\/\/www.blutezeit.com\/product\/mex50-vehicle-exit-wand-sensor-50ft-gate-opener\/","name":"Gate Vehicle Exit Wand Sensor - Bl\u00fctezeit","isPartOf":{"@id":"https:\/\/www.blutezeit.com\/pt\/#website"},"primaryImageOfPage":{"@id":"https:\/\/www.blutezeit.com\/product\/mex50-vehicle-exit-wand-sensor-50ft-gate-opener\/#primaryimage"},"image":{"@id":"https:\/\/www.blutezeit.com\/product\/mex50-vehicle-exit-wand-sensor-50ft-gate-opener\/#primaryimage"},"thumbnailUrl":"https:\/\/www.blutezeit.com\/wp-content\/uploads\/2025\/11\/Blutezeit-Exit-Wand-for-Gate-Openers-1-scaled.jpg","datePublished":"2025-11-17T02:02:32+00:00","dateModified":"2026-03-20T14:35:09+00:00","breadcrumb":{"@id":"https:\/\/www.blutezeit.com\/product\/mex50-vehicle-exit-wand-sensor-50ft-gate-opener\/#breadcrumb"},"inLanguage":"de","potentialAction":[{"@type":"ReadAction","target":["https:\/\/www.blutezeit.com\/product\/mex50-vehicle-exit-wand-sensor-50ft-gate-opener\/"]}]},{"@type":"ImageObject","inLanguage":"de","@id":"https:\/\/www.blutezeit.com\/product\/mex50-vehicle-exit-wand-sensor-50ft-gate-opener\/#primaryimage","url":"https:\/\/www.blutezeit.com\/wp-content\/uploads\/2025\/11\/Blutezeit-Exit-Wand-for-Gate-Openers-1-scaled.jpg","contentUrl":"https:\/\/www.blutezeit.com\/wp-content\/uploads\/2025\/11\/Blutezeit-Exit-Wand-for-Gate-Openers-1-scaled.jpg","width":2560,"height":2560},{"@type":"BreadcrumbList","@id":"https:\/\/www.blutezeit.com\/product\/mex50-vehicle-exit-wand-sensor-50ft-gate-opener\/#breadcrumb","itemListElement":[{"@type":"ListItem","position":1,"name":"\u9996\u9875","item":"https:\/\/www.blutezeit.com\/pt\/"},{"@type":"ListItem","position":2,"name":"Product","item":"https:\/\/www.blutezeit.com\/pt\/shop\/"},{"@type":"ListItem","position":3,"name":"Gate Vehicle Exit Wand Sensor"}]},{"@type":"WebSite","@id":"https:\/\/www.blutezeit.com\/pt\/#website","url":"https:\/\/www.blutezeit.com\/pt\/","name":"Bl\u00fctezeit","description":"Intelligente und solare Tor\u00f6ffnersysteme","potentialAction":[{"@type":"SearchAction","target":{"@type":"EntryPoint","urlTemplate":"https:\/\/www.blutezeit.com\/pt\/?s={search_term_string}"},"query-input":{"@type":"PropertyValueSpecification","valueRequired":true,"valueName":"search_term_string"}}],"inLanguage":"de"}]}},"_links":{"self":[{"href":"https:\/\/www.blutezeit.com\/de\/wp-json\/wp\/v2\/product\/1043","targetHints":{"allow":["GET"]}}],"collection":[{"href":"https:\/\/www.blutezeit.com\/de\/wp-json\/wp\/v2\/product"}],"about":[{"href":"https:\/\/www.blutezeit.com\/de\/wp-json\/wp\/v2\/types\/product"}],"replies":[{"embeddable":true,"href":"https:\/\/www.blutezeit.com\/de\/wp-json\/wp\/v2\/comments?post=1043"}],"wp:featuredmedia":[{"embeddable":true,"href":"https:\/\/www.blutezeit.com\/de\/wp-json\/wp\/v2\/media\/1044"}],"wp:attachment":[{"href":"https:\/\/www.blutezeit.com\/de\/wp-json\/wp\/v2\/media?parent=1043"}],"wp:term":[{"taxonomy":"product_brand","embeddable":true,"href":"https:\/\/www.blutezeit.com\/de\/wp-json\/wp\/v2\/product_brand?post=1043"},{"taxonomy":"product_cat","embeddable":true,"href":"https:\/\/www.blutezeit.com\/de\/wp-json\/wp\/v2\/product_cat?post=1043"},{"taxonomy":"product_tag","embeddable":true,"href":"https:\/\/www.blutezeit.com\/de\/wp-json\/wp\/v2\/product_tag?post=1043"}],"curies":[{"name":"wp","href":"https:\/\/api.w.org\/{rel}","templated":true}]}}